{"id":9660,"date":"2022-10-06T14:16:45","date_gmt":"2022-10-06T12:16:45","guid":{"rendered":"https:\/\/www.siphoniker.at\/ueber-uns\/"},"modified":"2026-04-10T15:00:00","modified_gmt":"2026-04-10T13:00:00","slug":"o-nas","status":"publish","type":"page","link":"https:\/\/www.siphoniker.at\/cs\/o-nas\/","title":{"rendered":"O n\u00e1s"},"content":{"rendered":"\t\t<div data-elementor-type=\"wp-page\" data-elementor-id=\"9660\" class=\"elementor elementor-9660 elementor-360\" data-elementor-post-type=\"page\">\n\t\t\t\t<div class=\"elementor-element elementor-element-ab2d596 e-flex e-con-boxed e-con e-parent\" data-id=\"ab2d596\" data-element_type=\"container\" data-e-type=\"container\">\n\t\t\t\t\t<div class=\"e-con-inner\">\n\t\t<div class=\"elementor-element elementor-element-68993ce e-con-full e-flex e-con e-child\" data-id=\"68993ce\" data-element_type=\"container\" data-e-type=\"container\" data-settings=\"{&quot;background_background&quot;:&quot;classic&quot;}\">\n\t\t\t\t<\/div>\n\t\t<div class=\"elementor-element elementor-element-7e69fb7 e-con-full e-flex e-con e-child\" data-id=\"7e69fb7\" data-element_type=\"container\" data-e-type=\"container\">\n\t\t\t\t<div class=\"elementor-element elementor-element-adc25c7 elementor-widget elementor-widget-heading\" data-id=\"adc25c7\" data-element_type=\"widget\" data-e-type=\"widget\" data-widget_type=\"heading.default\">\n\t\t\t\t<div class=\"elementor-widget-container\">\n\t\t\t\t\t<h2 class=\"elementor-heading-title elementor-size-default\">Skl\u00e1d\u00e1me sifonie<\/h2>\t\t\t\t<\/div>\n\t\t\t\t<\/div>\n\t\t\t\t<div class=\"elementor-element elementor-element-67b9d33 elementor-widget elementor-widget-text-editor\" data-id=\"67b9d33\" data-element_type=\"widget\" data-e-type=\"widget\" data-widget_type=\"text-editor.default\">\n\t\t\t\t<div class=\"elementor-widget-container\">\n\t\t\t\t\t\t\t\t\t<p>V oblasti odvodn\u011bn\u00ed n\u00e1s zaj\u00edm\u00e1 harmonie! Proto se ve spole\u010dnosti HL Hutterer &amp; Lechner GmbH, jako p\u0159edn\u00ed v\u00fdrobci plastov\u00fdch odtok\u016f, sifon\u016f a sanit\u00e1rn\u00edch armatur, denn\u011b zam\u011b\u0159ujeme na to, jak mal\u00e9 detaily mohou znamenat velk\u00fd rozd\u00edl: pro instalat\u00e9ry, stavebn\u00ed firmy, projektanty, architekty a v neposledn\u00ed \u0159ad\u011b pro obyvatele dom\u016f, kde na\u0161e produkty zaji\u0161\u0165uj\u00ed ten nejlep\u0161\u00ed odtok.<\/p><p>Jako v\u00e1\u0161niv\u00ed sifonisti chceme s v\u00e1mi zorganizovat efektivn\u00ed v\u00fdm\u011bnu a p\u0159ed\u00e1n\u00ed know-how a zku\u0161enost\u00ed! Abychom v\u0161ichni \u2013 projektanti, \u0159emesln\u00edci a v\u00fdrobci \u2013 tvo\u0159ili dokonale sehran\u00fd orchestr. A tak spole\u010dn\u011b inspirovali na\u0161e z\u00e1kazn\u00edky.<\/p>\t\t\t\t\t\t\t\t<\/div>\n\t\t\t\t<\/div>\n\t\t\t\t<\/div>\n\t\t\t\t\t<\/div>\n\t\t\t\t<\/div>\n\t\t<div class=\"elementor-element elementor-element-1464b80 e-flex e-con-boxed e-con e-parent\" data-id=\"1464b80\" data-element_type=\"container\" data-e-type=\"container\" id=\"club\">\n\t\t\t\t\t<div class=\"e-con-inner\">\n\t\t\t\t<div class=\"elementor-element elementor-element-df754cf elementor-widget elementor-widget-heading\" data-id=\"df754cf\" data-element_type=\"widget\" data-e-type=\"widget\" data-widget_type=\"heading.default\">\n\t\t\t\t<div class=\"elementor-widget-container\">\n\t\t\t\t\t<h2 class=\"elementor-heading-title elementor-size-default\">Byli bychom pot\u011b\u0161eni, kdybyste se tak\u00e9 stali sifonisty!<\/h2>\t\t\t\t<\/div>\n\t\t\t\t<\/div>\n\t\t\t\t<div class=\"elementor-element elementor-element-17cfc21 elementor-widget__width-initial elementor-widget elementor-widget-template\" data-id=\"17cfc21\" data-element_type=\"widget\" data-e-type=\"widget\" data-widget_type=\"template.default\">\n\t\t\t\t<div class=\"elementor-widget-container\">\n\t\t\t\t\t\t\t<div class=\"elementor-template\">\n\t\t\t\t\t<div data-elementor-type=\"container\" data-elementor-id=\"9696\" class=\"elementor elementor-9696 elementor-459\" data-elementor-post-type=\"elementor_library\">\n\t\t\t\t<div class=\"elementor-element elementor-element-8fe643e e-flex e-con-boxed e-con e-parent\" data-id=\"8fe643e\" data-element_type=\"container\" data-e-type=\"container\">\n\t\t\t\t\t<div class=\"e-con-inner\">\n\t\t\t\t<div class=\"elementor-element elementor-element-8a95c3a elementor-widget-divider--view-line_text elementor-widget-divider--element-align-center elementor-widget elementor-widget-divider\" data-id=\"8a95c3a\" data-element_type=\"widget\" data-e-type=\"widget\" data-widget_type=\"divider.default\">\n\t\t\t\t<div class=\"elementor-widget-container\">\n\t\t\t\t\t\t\t<div class=\"elementor-divider\">\n\t\t\t<span class=\"elementor-divider-separator\">\n\t\t\t\t\t\t\t<span class=\"elementor-divider__text elementor-divider__element\">\n\t\t\t\tNewsletter - informace o novink\u00e1ch\t\t\t\t<\/span>\n\t\t\t\t\t\t<\/span>\n\t\t<\/div>\n\t\t\t\t\t\t<\/div>\n\t\t\t\t<\/div>\n\t\t\t\t<div class=\"elementor-element elementor-element-efad312 elementor-widget elementor-widget-heading\" data-id=\"efad312\" data-element_type=\"widget\" data-e-type=\"widget\" data-widget_type=\"heading.default\">\n\t\t\t\t<div class=\"elementor-widget-container\">\n\t\t\t\t\t<h4 class=\"elementor-heading-title elementor-size-default\">Ano, chci se st\u00e1t sifonistou<\/h4>\t\t\t\t<\/div>\n\t\t\t\t<\/div>\n\t\t\t\t<div class=\"elementor-element elementor-element-3e8ad52 elementor-widget elementor-widget-text-editor\" data-id=\"3e8ad52\" data-element_type=\"widget\" data-e-type=\"widget\" data-widget_type=\"text-editor.default\">\n\t\t\t\t<div class=\"elementor-widget-container\">\n\t\t\t\t\t\t\t\t\t<p>A t\u00edmto se p\u0159ihla\u0161uji k odb\u011bru bezplatn\u00e9ho newsletteru (informace o novink\u00e1ch), abych byl informov\u00e1n o nov\u00fdch p\u0159\u00edsp\u011bvc\u00edch a z\u00edskal dal\u0161\u00ed v\u00fdhody.<\/p>\t\t\t\t\t\t\t\t<\/div>\n\t\t\t\t<\/div>\n\t\t\t\t<div class=\"elementor-element elementor-element-9f72d87 elementor-button-align-stretch elementor-widget elementor-widget-form\" data-id=\"9f72d87\" data-element_type=\"widget\" data-e-type=\"widget\" data-settings=\"{&quot;step_next_label&quot;:&quot;N\\u00e4chster&quot;,&quot;step_previous_label&quot;:&quot;Voriger&quot;,&quot;button_width&quot;:&quot;100&quot;,&quot;step_type&quot;:&quot;number_text&quot;,&quot;step_icon_shape&quot;:&quot;circle&quot;}\" data-widget_type=\"form.default\">\n\t\t\t\t<div class=\"elementor-widget-container\">\n\t\t\t\t\t\t\t<form class=\"elementor-form\" method=\"post\" name=\"Neues Formular\" aria-label=\"Neues Formular\">\n\t\t\t<input type=\"hidden\" name=\"post_id\" value=\"9696\"\/>\n\t\t\t<input type=\"hidden\" name=\"form_id\" value=\"9f72d87\"\/>\n\t\t\t<input type=\"hidden\" name=\"referer_title\" value=\"Startseite - Siphoniker-Blog, HL Hutterer &amp; Lechner GmbH in Himberg\" \/>\n\n\t\t\t\t\t\t\t<input type=\"hidden\" name=\"queried_id\" value=\"9658\"\/>\n\t\t\t\n\t\t\t<div class=\"elementor-form-fields-wrapper elementor-labels-\">\n\t\t\t\t\t\t\t\t<div class=\"elementor-field-type-text elementor-field-group elementor-column elementor-field-group-name elementor-col-100\">\n\t\t\t\t\t\t\t\t\t\t\t\t<label for=\"form-field-name\" class=\"elementor-field-label elementor-screen-only\">\n\t\t\t\t\t\t\t\tName\t\t\t\t\t\t\t<\/label>\n\t\t\t\t\t\t\t\t\t\t\t\t\t\t<input size=\"1\" type=\"text\" name=\"form_fields[name]\" id=\"form-field-name\" class=\"elementor-field elementor-size-xs  elementor-field-textual\" placeholder=\"Name\">\n\t\t\t\t\t\t\t\t\t\t\t<\/div>\n\t\t\t\t\t\t\t\t<div class=\"elementor-field-type-email elementor-field-group elementor-column elementor-field-group-email elementor-col-100 elementor-field-required\">\n\t\t\t\t\t\t\t\t\t\t\t\t<label for=\"form-field-email\" class=\"elementor-field-label elementor-screen-only\">\n\t\t\t\t\t\t\t\tE-Mail\t\t\t\t\t\t\t<\/label>\n\t\t\t\t\t\t\t\t\t\t\t\t\t\t<input size=\"1\" type=\"email\" name=\"form_fields[email]\" id=\"form-field-email\" class=\"elementor-field elementor-size-xs  elementor-field-textual\" placeholder=\"E-Mail\" required=\"required\">\n\t\t\t\t\t\t\t\t\t\t\t<\/div>\n\t\t\t\t\t\t\t\t<div class=\"elementor-field-group elementor-column elementor-field-type-submit elementor-col-100 e-form__buttons\">\n\t\t\t\t\t<button class=\"elementor-button elementor-size-sm\" type=\"submit\">\n\t\t\t\t\t\t<span class=\"elementor-button-content-wrapper\">\n\t\t\t\t\t\t\t\t\t\t\t\t\t\t\t\t\t\t\t\t\t\t<span class=\"elementor-button-text\">Odeslat<\/span>\n\t\t\t\t\t\t\t\t\t\t\t\t\t<\/span>\n\t\t\t\t\t<\/button>\n\t\t\t\t<\/div>\n\t\t\t<\/div>\n\t\t<\/form>\n\t\t\t\t\t\t<\/div>\n\t\t\t\t<\/div>\n\t\t\t\t\t<\/div>\n\t\t\t\t<\/div>\n\t\t\t\t<\/div>\n\t\t\t\t<\/div>\n\t\t\t\t\t\t<\/div>\n\t\t\t\t<\/div>\n\t\t\t\t\t<\/div>\n\t\t\t\t<\/div>\n\t\t\t\t<\/div>\n\t\t","protected":false},"excerpt":{"rendered":"<p>Skl\u00e1d\u00e1me sifonie V oblasti odvodn\u011bn\u00ed n\u00e1s zaj\u00edm\u00e1 harmonie! Proto se ve spole\u010dnosti HL Hutterer &amp; Lechner GmbH, jako p\u0159edn\u00ed v\u00fdrobci plastov\u00fdch odtok\u016f, sifon\u016f a sanit\u00e1rn\u00edch armatur, denn\u011b zam\u011b\u0159ujeme na to, jak mal\u00e9 detaily mohou znamenat velk\u00fd rozd\u00edl: pro instalat\u00e9ry, stavebn\u00ed firmy, projektanty, architekty a v neposledn\u00ed \u0159ad\u011b pro obyvatele dom\u016f, kde na\u0161e produkty zaji\u0161\u0165uj\u00ed ten [&hellip;]<\/p>\n","protected":false},"author":4,"featured_media":0,"parent":0,"menu_order":0,"comment_status":"closed","ping_status":"closed","template":"","meta":{"_acf_changed":false,"footnotes":""},"class_list":["post-9660","page","type-page","status-publish","hentry"],"acf":[],"yoast_head":"<!-- This site is optimized with the Yoast SEO plugin v27.1.1 - https:\/\/yoast.com\/product\/yoast-seo-wordpress\/ -->\n<title>O n\u00e1s - Siphoniker-Blog, HL Hutterer &amp; Lechner GmbH in Himberg<\/title>\n<meta name=\"description\" content=\"Skl\u00e1d\u00e1me sifonie V oblasti odvodn\u011bn\u00ed n\u00e1s zaj\u00edm\u00e1 harmonie! Proto se ve spole\u010dnosti HL Hutterer &amp; Lechner GmbH, jako p\u0159edn\u00ed v\u00fdrobci plastov\u00fdch odtok\u016f,\" \/>\n<meta name=\"robots\" content=\"index, follow, max-snippet:-1, max-image-preview:large, max-video-preview:-1\" \/>\n<link rel=\"canonical\" href=\"https:\/\/www.siphoniker.at\/cs\/o-nas\/\" \/>\n<meta property=\"og:locale\" content=\"cs_CZ\" \/>\n<meta property=\"og:type\" content=\"article\" \/>\n<meta property=\"og:title\" content=\"O n\u00e1s - Siphoniker-Blog, HL Hutterer &amp; Lechner GmbH in Himberg\" \/>\n<meta property=\"og:description\" content=\"Skl\u00e1d\u00e1me sifonie V oblasti odvodn\u011bn\u00ed n\u00e1s zaj\u00edm\u00e1 harmonie! Proto se ve spole\u010dnosti HL Hutterer &amp; Lechner GmbH, jako p\u0159edn\u00ed v\u00fdrobci plastov\u00fdch odtok\u016f,\" \/>\n<meta property=\"og:url\" content=\"https:\/\/www.siphoniker.at\/cs\/o-nas\/\" \/>\n<meta property=\"og:site_name\" content=\"Siphoniker-Blog, HL Hutterer &amp; Lechner GmbH in Himberg\" \/>\n<meta property=\"article:publisher\" content=\"https:\/\/www.facebook.com\/huttererlechnergmbh\/\" \/>\n<meta property=\"article:modified_time\" content=\"2026-04-10T13:00:00+00:00\" \/>\n<meta name=\"twitter:card\" content=\"summary_large_image\" \/>\n<meta name=\"twitter:label1\" content=\"Est. reading time\" \/>\n\t<meta name=\"twitter:data1\" content=\"1 minute\" \/>\n<script type=\"application\/ld+json\" class=\"yoast-schema-graph\">{\"@context\":\"https:\/\/schema.org\",\"@graph\":[{\"@type\":\"WebPage\",\"@id\":\"https:\/\/www.siphoniker.at\/cs\/o-nas\/\",\"url\":\"https:\/\/www.siphoniker.at\/cs\/o-nas\/\",\"name\":\"O n\u00e1s - Siphoniker-Blog, HL Hutterer &amp; Lechner GmbH in Himberg\",\"isPartOf\":{\"@id\":\"https:\/\/www.siphoniker.at\/cs\/#website\"},\"datePublished\":\"2022-10-06T12:16:45+00:00\",\"dateModified\":\"2026-04-10T13:00:00+00:00\",\"description\":\"Skl\u00e1d\u00e1me sifonie V oblasti odvodn\u011bn\u00ed n\u00e1s zaj\u00edm\u00e1 harmonie! Proto se ve spole\u010dnosti HL Hutterer &amp; Lechner GmbH, jako p\u0159edn\u00ed v\u00fdrobci plastov\u00fdch odtok\u016f,\",\"breadcrumb\":{\"@id\":\"https:\/\/www.siphoniker.at\/cs\/o-nas\/#breadcrumb\"},\"inLanguage\":\"cs-CZ\",\"potentialAction\":[{\"@type\":\"ReadAction\",\"target\":[\"https:\/\/www.siphoniker.at\/cs\/o-nas\/\"]}]},{\"@type\":\"BreadcrumbList\",\"@id\":\"https:\/\/www.siphoniker.at\/cs\/o-nas\/#breadcrumb\",\"itemListElement\":[{\"@type\":\"ListItem\",\"position\":1,\"name\":\"Startseite\",\"item\":\"https:\/\/www.siphoniker.at\/cs\/\"},{\"@type\":\"ListItem\",\"position\":2,\"name\":\"O n\u00e1s\"}]},{\"@type\":\"WebSite\",\"@id\":\"https:\/\/www.siphoniker.at\/cs\/#website\",\"url\":\"https:\/\/www.siphoniker.at\/cs\/\",\"name\":\"HL Siphoniker-Blog\",\"description\":\"Kompetenz f\u00fcr perfekte Kompositionen - verfasst von Profis f\u00fcr Profis\",\"publisher\":{\"@id\":\"https:\/\/www.siphoniker.at\/cs\/#organization\"},\"potentialAction\":[{\"@type\":\"SearchAction\",\"target\":{\"@type\":\"EntryPoint\",\"urlTemplate\":\"https:\/\/www.siphoniker.at\/cs\/?s={search_term_string}\"},\"query-input\":{\"@type\":\"PropertyValueSpecification\",\"valueRequired\":true,\"valueName\":\"search_term_string\"}}],\"inLanguage\":\"cs-CZ\"},{\"@type\":\"Organization\",\"@id\":\"https:\/\/www.siphoniker.at\/cs\/#organization\",\"name\":\"Hutterer & Lechner GmbH in Himberg\",\"url\":\"https:\/\/www.siphoniker.at\/cs\/\",\"logo\":{\"@type\":\"ImageObject\",\"inLanguage\":\"cs-CZ\",\"@id\":\"https:\/\/www.siphoniker.at\/cs\/#\/schema\/logo\/image\/\",\"url\":\"https:\/\/www.siphoniker.at\/wp-content\/uploads\/2020\/09\/logo-siphoniker-1.svg\",\"contentUrl\":\"https:\/\/www.siphoniker.at\/wp-content\/uploads\/2020\/09\/logo-siphoniker-1.svg\",\"width\":732,\"height\":151,\"caption\":\"Hutterer & Lechner GmbH in Himberg\"},\"image\":{\"@id\":\"https:\/\/www.siphoniker.at\/cs\/#\/schema\/logo\/image\/\"},\"sameAs\":[\"https:\/\/www.facebook.com\/huttererlechnergmbh\/\",\"https:\/\/www.instagram.com\/hl.hutterer.lechner\/\",\"https:\/\/www.linkedin.com\/company\/hutterer-lechner-gmbh\/\",\"https:\/\/www.youtube.com\/channel\/UCoAza_27xat_FyVQWlmBpqw\"]}]}<\/script>\n<!-- \/ Yoast SEO plugin. -->","yoast_head_json":{"title":"O n\u00e1s - Siphoniker-Blog, HL Hutterer &amp; Lechner GmbH in Himberg","description":"Skl\u00e1d\u00e1me sifonie V oblasti odvodn\u011bn\u00ed n\u00e1s zaj\u00edm\u00e1 harmonie! Proto se ve spole\u010dnosti HL Hutterer &amp; Lechner GmbH, jako p\u0159edn\u00ed v\u00fdrobci plastov\u00fdch odtok\u016f,","robots":{"index":"index","follow":"follow","max-snippet":"max-snippet:-1","max-image-preview":"max-image-preview:large","max-video-preview":"max-video-preview:-1"},"canonical":"https:\/\/www.siphoniker.at\/cs\/o-nas\/","og_locale":"cs_CZ","og_type":"article","og_title":"O n\u00e1s - Siphoniker-Blog, HL Hutterer &amp; Lechner GmbH in Himberg","og_description":"Skl\u00e1d\u00e1me sifonie V oblasti odvodn\u011bn\u00ed n\u00e1s zaj\u00edm\u00e1 harmonie! Proto se ve spole\u010dnosti HL Hutterer &amp; Lechner GmbH, jako p\u0159edn\u00ed v\u00fdrobci plastov\u00fdch odtok\u016f,","og_url":"https:\/\/www.siphoniker.at\/cs\/o-nas\/","og_site_name":"Siphoniker-Blog, HL Hutterer &amp; Lechner GmbH in Himberg","article_publisher":"https:\/\/www.facebook.com\/huttererlechnergmbh\/","article_modified_time":"2026-04-10T13:00:00+00:00","twitter_card":"summary_large_image","twitter_misc":{"Est. reading time":"1 minute"},"schema":{"@context":"https:\/\/schema.org","@graph":[{"@type":"WebPage","@id":"https:\/\/www.siphoniker.at\/cs\/o-nas\/","url":"https:\/\/www.siphoniker.at\/cs\/o-nas\/","name":"O n\u00e1s - Siphoniker-Blog, HL Hutterer &amp; Lechner GmbH in Himberg","isPartOf":{"@id":"https:\/\/www.siphoniker.at\/cs\/#website"},"datePublished":"2022-10-06T12:16:45+00:00","dateModified":"2026-04-10T13:00:00+00:00","description":"Skl\u00e1d\u00e1me sifonie V oblasti odvodn\u011bn\u00ed n\u00e1s zaj\u00edm\u00e1 harmonie! Proto se ve spole\u010dnosti HL Hutterer &amp; Lechner GmbH, jako p\u0159edn\u00ed v\u00fdrobci plastov\u00fdch odtok\u016f,","breadcrumb":{"@id":"https:\/\/www.siphoniker.at\/cs\/o-nas\/#breadcrumb"},"inLanguage":"cs-CZ","potentialAction":[{"@type":"ReadAction","target":["https:\/\/www.siphoniker.at\/cs\/o-nas\/"]}]},{"@type":"BreadcrumbList","@id":"https:\/\/www.siphoniker.at\/cs\/o-nas\/#breadcrumb","itemListElement":[{"@type":"ListItem","position":1,"name":"Startseite","item":"https:\/\/www.siphoniker.at\/cs\/"},{"@type":"ListItem","position":2,"name":"O n\u00e1s"}]},{"@type":"WebSite","@id":"https:\/\/www.siphoniker.at\/cs\/#website","url":"https:\/\/www.siphoniker.at\/cs\/","name":"HL Siphoniker-Blog","description":"Kompetenz f\u00fcr perfekte Kompositionen - verfasst von Profis f\u00fcr Profis","publisher":{"@id":"https:\/\/www.siphoniker.at\/cs\/#organization"},"potentialAction":[{"@type":"SearchAction","target":{"@type":"EntryPoint","urlTemplate":"https:\/\/www.siphoniker.at\/cs\/?s={search_term_string}"},"query-input":{"@type":"PropertyValueSpecification","valueRequired":true,"valueName":"search_term_string"}}],"inLanguage":"cs-CZ"},{"@type":"Organization","@id":"https:\/\/www.siphoniker.at\/cs\/#organization","name":"Hutterer & Lechner GmbH in Himberg","url":"https:\/\/www.siphoniker.at\/cs\/","logo":{"@type":"ImageObject","inLanguage":"cs-CZ","@id":"https:\/\/www.siphoniker.at\/cs\/#\/schema\/logo\/image\/","url":"https:\/\/www.siphoniker.at\/wp-content\/uploads\/2020\/09\/logo-siphoniker-1.svg","contentUrl":"https:\/\/www.siphoniker.at\/wp-content\/uploads\/2020\/09\/logo-siphoniker-1.svg","width":732,"height":151,"caption":"Hutterer & Lechner GmbH in Himberg"},"image":{"@id":"https:\/\/www.siphoniker.at\/cs\/#\/schema\/logo\/image\/"},"sameAs":["https:\/\/www.facebook.com\/huttererlechnergmbh\/","https:\/\/www.instagram.com\/hl.hutterer.lechner\/","https:\/\/www.linkedin.com\/company\/hutterer-lechner-gmbh\/","https:\/\/www.youtube.com\/channel\/UCoAza_27xat_FyVQWlmBpqw"]}]}},"_links":{"self":[{"href":"https:\/\/www.siphoniker.at\/cs\/wp-json\/wp\/v2\/pages\/9660","targetHints":{"allow":["GET"]}}],"collection":[{"href":"https:\/\/www.siphoniker.at\/cs\/wp-json\/wp\/v2\/pages"}],"about":[{"href":"https:\/\/www.siphoniker.at\/cs\/wp-json\/wp\/v2\/types\/page"}],"author":[{"embeddable":true,"href":"https:\/\/www.siphoniker.at\/cs\/wp-json\/wp\/v2\/users\/4"}],"replies":[{"embeddable":true,"href":"https:\/\/www.siphoniker.at\/cs\/wp-json\/wp\/v2\/comments?post=9660"}],"version-history":[{"count":4,"href":"https:\/\/www.siphoniker.at\/cs\/wp-json\/wp\/v2\/pages\/9660\/revisions"}],"predecessor-version":[{"id":9711,"href":"https:\/\/www.siphoniker.at\/cs\/wp-json\/wp\/v2\/pages\/9660\/revisions\/9711"}],"wp:attachment":[{"href":"https:\/\/www.siphoniker.at\/cs\/wp-json\/wp\/v2\/media?parent=9660"}],"curies":[{"name":"wp","href":"https:\/\/api.w.org\/{rel}","templated":true}]}}