{"id":9747,"date":"2022-10-31T11:42:30","date_gmt":"2022-10-31T10:42:30","guid":{"rendered":"https:\/\/www.siphoniker.at\/datenschutz\/"},"modified":"2026-04-10T16:43:03","modified_gmt":"2026-04-10T14:43:03","slug":"ochrana-dat","status":"publish","type":"page","link":"https:\/\/www.siphoniker.at\/cs\/ochrana-dat\/","title":{"rendered":"Ochrana dat"},"content":{"rendered":"\t\t<div data-elementor-type=\"wp-page\" data-elementor-id=\"9747\" class=\"elementor elementor-9747 elementor-1078\" data-elementor-post-type=\"page\">\n\t\t\t\t<div class=\"elementor-element elementor-element-5b11f64 e-flex e-con-boxed e-con e-parent\" data-id=\"5b11f64\" data-element_type=\"container\" data-e-type=\"container\">\n\t\t\t\t\t<div class=\"e-con-inner\">\n\t\t\t\t<div class=\"elementor-element elementor-element-5a7ba9d elementor-widget elementor-widget-text-editor\" data-id=\"5a7ba9d\" data-element_type=\"widget\" data-e-type=\"widget\" data-widget_type=\"text-editor.default\">\n\t\t\t\t<div class=\"elementor-widget-container\">\n\t\t\t\t\t\t\t\t\t<p>Pokud v r\u00e1mci internetov\u00e9 nab\u00eddky existuje mo\u017enost zad\u00e1n\u00ed osobn\u00edch nebo obchodn\u00edch \u00fadaj\u016f (e-mailov\u00e9 adresy, jm\u00e9na, adresy), je poskytnut\u00ed t\u011bchto \u00fadaj\u016f u\u017eivatelem pouze na v\u00fdslovn\u011b dobrovoln\u00e9m z\u00e1klad\u011b.<\/p><p>Vyu\u017e\u00edv\u00e1n\u00ed a platba v\u0161ech nab\u00edzen\u00fdch slu\u017eeb je povolena \u2013 pokud je to technicky provediteln\u00e9 a p\u0159im\u011b\u0159en\u00e1\u2013 i bez poskytnut\u00ed t\u011bchto \u00fadaj\u016f, nebo s poskytnut\u00edm anonymizovan\u00fdch \u00fadaj\u016f \u010di pseudonymu. Pou\u017e\u00edv\u00e1n\u00ed kontaktn\u00edch \u00fadaj\u016f zve\u0159ejn\u011bn\u00fdch v r\u00e1mci pr\u00e1vn\u00edho upozorn\u011bn\u00ed nebo podobn\u00fdch informac\u00ed, jako jsou po\u0161tovn\u00ed adresy, telefonn\u00ed a faxov\u00e1 \u010d\u00edsla a e-mailov\u00e9 adresy, t\u0159et\u00edmi stranami k zas\u00edl\u00e1n\u00ed nevy\u017e\u00e1dan\u00fdch informac\u00ed je zak\u00e1z\u00e1no.<\/p><p>Pr\u00e1vn\u00ed kroky proti odes\u00edlatel\u016fm tzv. spamov\u00fdch e-mail\u016f za poru\u0161en\u00ed tohoto z\u00e1kazu jsou v\u00fdslovn\u011b vyhrazeny.<\/p>\t\t\t\t\t\t\t\t<\/div>\n\t\t\t\t<\/div>\n\t\t\t\t\t<\/div>\n\t\t\t\t<\/div>\n\t\t\t\t<\/div>\n\t\t","protected":false},"excerpt":{"rendered":"<p>Pokud v r\u00e1mci internetov\u00e9 nab\u00eddky existuje mo\u017enost zad\u00e1n\u00ed osobn\u00edch nebo obchodn\u00edch \u00fadaj\u016f (e-mailov\u00e9 adresy, jm\u00e9na, adresy), je poskytnut\u00ed t\u011bchto \u00fadaj\u016f u\u017eivatelem pouze na v\u00fdslovn\u011b dobrovoln\u00e9m z\u00e1klad\u011b. Vyu\u017e\u00edv\u00e1n\u00ed a platba v\u0161ech nab\u00edzen\u00fdch slu\u017eeb je povolena \u2013 pokud je to technicky provediteln\u00e9 a p\u0159im\u011b\u0159en\u00e1\u2013 i bez poskytnut\u00ed t\u011bchto \u00fadaj\u016f, nebo s poskytnut\u00edm anonymizovan\u00fdch \u00fadaj\u016f \u010di pseudonymu. Pou\u017e\u00edv\u00e1n\u00ed [&hellip;]<\/p>\n","protected":false},"author":7,"featured_media":0,"parent":0,"menu_order":0,"comment_status":"closed","ping_status":"closed","template":"","meta":{"_acf_changed":false,"footnotes":""},"class_list":["post-9747","page","type-page","status-publish","hentry"],"acf":[],"yoast_head":"<!-- This site is optimized with the Yoast SEO plugin v27.1.1 - https:\/\/yoast.com\/product\/yoast-seo-wordpress\/ -->\n<title>Ochrana dat - Siphoniker-Blog, HL Hutterer &amp; Lechner GmbH in Himberg<\/title>\n<meta name=\"description\" content=\"Pokud v r\u00e1mci internetov\u00e9 nab\u00eddky existuje mo\u017enost zad\u00e1n\u00ed osobn\u00edch nebo obchodn\u00edch \u00fadaj\u016f (e-mailov\u00e9 adresy, jm\u00e9na, adresy), je poskytnut\u00ed t\u011bchto \u00fadaj\u016f\" \/>\n<meta name=\"robots\" content=\"index, follow, max-snippet:-1, max-image-preview:large, max-video-preview:-1\" \/>\n<link rel=\"canonical\" href=\"https:\/\/www.siphoniker.at\/cs\/ochrana-dat\/\" \/>\n<meta property=\"og:locale\" content=\"cs_CZ\" \/>\n<meta property=\"og:type\" content=\"article\" \/>\n<meta property=\"og:title\" content=\"Ochrana dat - Siphoniker-Blog, HL Hutterer &amp; Lechner GmbH in Himberg\" \/>\n<meta property=\"og:description\" content=\"Pokud v r\u00e1mci internetov\u00e9 nab\u00eddky existuje mo\u017enost zad\u00e1n\u00ed osobn\u00edch nebo obchodn\u00edch \u00fadaj\u016f (e-mailov\u00e9 adresy, jm\u00e9na, adresy), je poskytnut\u00ed t\u011bchto \u00fadaj\u016f\" \/>\n<meta property=\"og:url\" content=\"https:\/\/www.siphoniker.at\/cs\/ochrana-dat\/\" \/>\n<meta property=\"og:site_name\" content=\"Siphoniker-Blog, HL Hutterer &amp; Lechner GmbH in Himberg\" \/>\n<meta property=\"article:publisher\" content=\"https:\/\/www.facebook.com\/huttererlechnergmbh\/\" \/>\n<meta property=\"article:modified_time\" content=\"2026-04-10T14:43:03+00:00\" \/>\n<meta name=\"twitter:card\" content=\"summary_large_image\" \/>\n<meta name=\"twitter:label1\" content=\"Est. reading time\" \/>\n\t<meta name=\"twitter:data1\" content=\"1 minute\" \/>\n<script type=\"application\/ld+json\" class=\"yoast-schema-graph\">{\"@context\":\"https:\/\/schema.org\",\"@graph\":[{\"@type\":\"WebPage\",\"@id\":\"https:\/\/www.siphoniker.at\/cs\/ochrana-dat\/\",\"url\":\"https:\/\/www.siphoniker.at\/cs\/ochrana-dat\/\",\"name\":\"Ochrana dat - Siphoniker-Blog, HL Hutterer &amp; Lechner GmbH in Himberg\",\"isPartOf\":{\"@id\":\"https:\/\/www.siphoniker.at\/cs\/#website\"},\"datePublished\":\"2022-10-31T10:42:30+00:00\",\"dateModified\":\"2026-04-10T14:43:03+00:00\",\"description\":\"Pokud v r\u00e1mci internetov\u00e9 nab\u00eddky existuje mo\u017enost zad\u00e1n\u00ed osobn\u00edch nebo obchodn\u00edch \u00fadaj\u016f (e-mailov\u00e9 adresy, jm\u00e9na, adresy), je poskytnut\u00ed t\u011bchto \u00fadaj\u016f\",\"breadcrumb\":{\"@id\":\"https:\/\/www.siphoniker.at\/cs\/ochrana-dat\/#breadcrumb\"},\"inLanguage\":\"cs-CZ\",\"potentialAction\":[{\"@type\":\"ReadAction\",\"target\":[\"https:\/\/www.siphoniker.at\/cs\/ochrana-dat\/\"]}]},{\"@type\":\"BreadcrumbList\",\"@id\":\"https:\/\/www.siphoniker.at\/cs\/ochrana-dat\/#breadcrumb\",\"itemListElement\":[{\"@type\":\"ListItem\",\"position\":1,\"name\":\"Startseite\",\"item\":\"https:\/\/www.siphoniker.at\/cs\/\"},{\"@type\":\"ListItem\",\"position\":2,\"name\":\"Ochrana dat\"}]},{\"@type\":\"WebSite\",\"@id\":\"https:\/\/www.siphoniker.at\/cs\/#website\",\"url\":\"https:\/\/www.siphoniker.at\/cs\/\",\"name\":\"HL Siphoniker-Blog\",\"description\":\"Kompetenz f\u00fcr perfekte Kompositionen - verfasst von Profis f\u00fcr Profis\",\"publisher\":{\"@id\":\"https:\/\/www.siphoniker.at\/cs\/#organization\"},\"potentialAction\":[{\"@type\":\"SearchAction\",\"target\":{\"@type\":\"EntryPoint\",\"urlTemplate\":\"https:\/\/www.siphoniker.at\/cs\/?s={search_term_string}\"},\"query-input\":{\"@type\":\"PropertyValueSpecification\",\"valueRequired\":true,\"valueName\":\"search_term_string\"}}],\"inLanguage\":\"cs-CZ\"},{\"@type\":\"Organization\",\"@id\":\"https:\/\/www.siphoniker.at\/cs\/#organization\",\"name\":\"Hutterer & Lechner GmbH in Himberg\",\"url\":\"https:\/\/www.siphoniker.at\/cs\/\",\"logo\":{\"@type\":\"ImageObject\",\"inLanguage\":\"cs-CZ\",\"@id\":\"https:\/\/www.siphoniker.at\/cs\/#\/schema\/logo\/image\/\",\"url\":\"https:\/\/www.siphoniker.at\/wp-content\/uploads\/2020\/09\/logo-siphoniker-1.svg\",\"contentUrl\":\"https:\/\/www.siphoniker.at\/wp-content\/uploads\/2020\/09\/logo-siphoniker-1.svg\",\"width\":732,\"height\":151,\"caption\":\"Hutterer & Lechner GmbH in Himberg\"},\"image\":{\"@id\":\"https:\/\/www.siphoniker.at\/cs\/#\/schema\/logo\/image\/\"},\"sameAs\":[\"https:\/\/www.facebook.com\/huttererlechnergmbh\/\",\"https:\/\/www.instagram.com\/hl.hutterer.lechner\/\",\"https:\/\/www.linkedin.com\/company\/hutterer-lechner-gmbh\/\",\"https:\/\/www.youtube.com\/channel\/UCoAza_27xat_FyVQWlmBpqw\"]}]}<\/script>\n<!-- \/ Yoast SEO plugin. -->","yoast_head_json":{"title":"Ochrana dat - Siphoniker-Blog, HL Hutterer &amp; Lechner GmbH in Himberg","description":"Pokud v r\u00e1mci internetov\u00e9 nab\u00eddky existuje mo\u017enost zad\u00e1n\u00ed osobn\u00edch nebo obchodn\u00edch \u00fadaj\u016f (e-mailov\u00e9 adresy, jm\u00e9na, adresy), je poskytnut\u00ed t\u011bchto \u00fadaj\u016f","robots":{"index":"index","follow":"follow","max-snippet":"max-snippet:-1","max-image-preview":"max-image-preview:large","max-video-preview":"max-video-preview:-1"},"canonical":"https:\/\/www.siphoniker.at\/cs\/ochrana-dat\/","og_locale":"cs_CZ","og_type":"article","og_title":"Ochrana dat - Siphoniker-Blog, HL Hutterer &amp; Lechner GmbH in Himberg","og_description":"Pokud v r\u00e1mci internetov\u00e9 nab\u00eddky existuje mo\u017enost zad\u00e1n\u00ed osobn\u00edch nebo obchodn\u00edch \u00fadaj\u016f (e-mailov\u00e9 adresy, jm\u00e9na, adresy), je poskytnut\u00ed t\u011bchto \u00fadaj\u016f","og_url":"https:\/\/www.siphoniker.at\/cs\/ochrana-dat\/","og_site_name":"Siphoniker-Blog, HL Hutterer &amp; Lechner GmbH in Himberg","article_publisher":"https:\/\/www.facebook.com\/huttererlechnergmbh\/","article_modified_time":"2026-04-10T14:43:03+00:00","twitter_card":"summary_large_image","twitter_misc":{"Est. reading time":"1 minute"},"schema":{"@context":"https:\/\/schema.org","@graph":[{"@type":"WebPage","@id":"https:\/\/www.siphoniker.at\/cs\/ochrana-dat\/","url":"https:\/\/www.siphoniker.at\/cs\/ochrana-dat\/","name":"Ochrana dat - Siphoniker-Blog, HL Hutterer &amp; Lechner GmbH in Himberg","isPartOf":{"@id":"https:\/\/www.siphoniker.at\/cs\/#website"},"datePublished":"2022-10-31T10:42:30+00:00","dateModified":"2026-04-10T14:43:03+00:00","description":"Pokud v r\u00e1mci internetov\u00e9 nab\u00eddky existuje mo\u017enost zad\u00e1n\u00ed osobn\u00edch nebo obchodn\u00edch \u00fadaj\u016f (e-mailov\u00e9 adresy, jm\u00e9na, adresy), je poskytnut\u00ed t\u011bchto \u00fadaj\u016f","breadcrumb":{"@id":"https:\/\/www.siphoniker.at\/cs\/ochrana-dat\/#breadcrumb"},"inLanguage":"cs-CZ","potentialAction":[{"@type":"ReadAction","target":["https:\/\/www.siphoniker.at\/cs\/ochrana-dat\/"]}]},{"@type":"BreadcrumbList","@id":"https:\/\/www.siphoniker.at\/cs\/ochrana-dat\/#breadcrumb","itemListElement":[{"@type":"ListItem","position":1,"name":"Startseite","item":"https:\/\/www.siphoniker.at\/cs\/"},{"@type":"ListItem","position":2,"name":"Ochrana dat"}]},{"@type":"WebSite","@id":"https:\/\/www.siphoniker.at\/cs\/#website","url":"https:\/\/www.siphoniker.at\/cs\/","name":"HL Siphoniker-Blog","description":"Kompetenz f\u00fcr perfekte Kompositionen - verfasst von Profis f\u00fcr Profis","publisher":{"@id":"https:\/\/www.siphoniker.at\/cs\/#organization"},"potentialAction":[{"@type":"SearchAction","target":{"@type":"EntryPoint","urlTemplate":"https:\/\/www.siphoniker.at\/cs\/?s={search_term_string}"},"query-input":{"@type":"PropertyValueSpecification","valueRequired":true,"valueName":"search_term_string"}}],"inLanguage":"cs-CZ"},{"@type":"Organization","@id":"https:\/\/www.siphoniker.at\/cs\/#organization","name":"Hutterer & Lechner GmbH in Himberg","url":"https:\/\/www.siphoniker.at\/cs\/","logo":{"@type":"ImageObject","inLanguage":"cs-CZ","@id":"https:\/\/www.siphoniker.at\/cs\/#\/schema\/logo\/image\/","url":"https:\/\/www.siphoniker.at\/wp-content\/uploads\/2020\/09\/logo-siphoniker-1.svg","contentUrl":"https:\/\/www.siphoniker.at\/wp-content\/uploads\/2020\/09\/logo-siphoniker-1.svg","width":732,"height":151,"caption":"Hutterer & Lechner GmbH in Himberg"},"image":{"@id":"https:\/\/www.siphoniker.at\/cs\/#\/schema\/logo\/image\/"},"sameAs":["https:\/\/www.facebook.com\/huttererlechnergmbh\/","https:\/\/www.instagram.com\/hl.hutterer.lechner\/","https:\/\/www.linkedin.com\/company\/hutterer-lechner-gmbh\/","https:\/\/www.youtube.com\/channel\/UCoAza_27xat_FyVQWlmBpqw"]}]}},"_links":{"self":[{"href":"https:\/\/www.siphoniker.at\/cs\/wp-json\/wp\/v2\/pages\/9747","targetHints":{"allow":["GET"]}}],"collection":[{"href":"https:\/\/www.siphoniker.at\/cs\/wp-json\/wp\/v2\/pages"}],"about":[{"href":"https:\/\/www.siphoniker.at\/cs\/wp-json\/wp\/v2\/types\/page"}],"author":[{"embeddable":true,"href":"https:\/\/www.siphoniker.at\/cs\/wp-json\/wp\/v2\/users\/7"}],"replies":[{"embeddable":true,"href":"https:\/\/www.siphoniker.at\/cs\/wp-json\/wp\/v2\/comments?post=9747"}],"version-history":[{"count":7,"href":"https:\/\/www.siphoniker.at\/cs\/wp-json\/wp\/v2\/pages\/9747\/revisions"}],"predecessor-version":[{"id":9784,"href":"https:\/\/www.siphoniker.at\/cs\/wp-json\/wp\/v2\/pages\/9747\/revisions\/9784"}],"wp:attachment":[{"href":"https:\/\/www.siphoniker.at\/cs\/wp-json\/wp\/v2\/media?parent=9747"}],"curies":[{"name":"wp","href":"https:\/\/api.w.org\/{rel}","templated":true}]}}