{"id":4023,"date":"2022-10-06T14:16:45","date_gmt":"2022-10-06T12:16:45","guid":{"rendered":"https:\/\/www.siphoniker.at\/o-nama\/"},"modified":"2026-04-10T14:48:36","modified_gmt":"2026-04-10T12:48:36","slug":"o-nama","status":"publish","type":"page","link":"https:\/\/www.siphoniker.at\/hr\/o-nama\/","title":{"rendered":"O nama."},"content":{"rendered":"\t\t<div data-elementor-type=\"wp-page\" data-elementor-id=\"4023\" class=\"elementor elementor-4023 elementor-360\" data-elementor-post-type=\"page\">\n\t\t\t\t<div class=\"elementor-element elementor-element-ab2d596 e-flex e-con-boxed e-con e-parent\" data-id=\"ab2d596\" data-element_type=\"container\" data-e-type=\"container\">\n\t\t\t\t\t<div class=\"e-con-inner\">\n\t\t<div class=\"elementor-element elementor-element-68993ce e-con-full e-flex e-con e-child\" data-id=\"68993ce\" data-element_type=\"container\" data-e-type=\"container\" data-settings=\"{&quot;background_background&quot;:&quot;classic&quot;}\">\n\t\t\t\t<\/div>\n\t\t<div class=\"elementor-element elementor-element-7e69fb7 e-con-full e-flex e-con e-child\" data-id=\"7e69fb7\" data-element_type=\"container\" data-e-type=\"container\">\n\t\t\t\t<div class=\"elementor-element elementor-element-adc25c7 elementor-widget elementor-widget-heading\" data-id=\"adc25c7\" data-element_type=\"widget\" data-e-type=\"widget\" data-widget_type=\"heading.default\">\n\t\t\t\t<div class=\"elementor-widget-container\">\n\t\t\t\t\t<h2 class=\"elementor-heading-title elementor-size-default\">Skladamo sifonije<\/h2>\t\t\t\t<\/div>\n\t\t\t\t<\/div>\n\t\t\t\t<div class=\"elementor-element elementor-element-67b9d33 elementor-widget elementor-widget-text-editor\" data-id=\"67b9d33\" data-element_type=\"widget\" data-e-type=\"widget\" data-widget_type=\"text-editor.default\">\n\t\t\t\t<div class=\"elementor-widget-container\">\n\t\t\t\t\t\t\t\t\t<p>Volimo harmoniju kada je u pitanju odvodnja! Zato se mi u HL Hutterer  Lechner GmbH, kao vode\u0107i proizvo\u0111a\u010d odvoda, sifona i sanitarnih spojnih dijelova od plastike, svakodnevno bavimo malim detaljima koji donose velike promjene: za instalatere, projektante, arhitekte i, ne manje va\u017eno, stanovnike ku\u0107a u kojima na\u0161i proizvodi osiguravaju \u010distu odvodnju. <\/p><p>Volimo harmoniju kada je u pitanju odvodnja! Zato se mi u HL Hutterer  Lechner GmbH, kao vode\u0107i proizvo\u0111a\u010d odvoda, sifona i sanitarnih spojnih dijelova od plastike, svakodnevno bavimo malim detaljima koji donose velike promjene: za instalatere, projektante, arhitekte i, ne manje va\u017eno, stanovnike ku\u0107a u kojima na\u0161i proizvodi osiguravaju \u010distu odvodnju.  <\/p>\t\t\t\t\t\t\t\t<\/div>\n\t\t\t\t<\/div>\n\t\t\t\t<\/div>\n\t\t\t\t\t<\/div>\n\t\t\t\t<\/div>\n\t\t<div class=\"elementor-element elementor-element-1464b80 e-flex e-con-boxed e-con e-parent\" data-id=\"1464b80\" data-element_type=\"container\" data-e-type=\"container\" id=\"club\">\n\t\t\t\t\t<div class=\"e-con-inner\">\n\t\t\t\t<div class=\"elementor-element elementor-element-df754cf elementor-widget elementor-widget-heading\" data-id=\"df754cf\" data-element_type=\"widget\" data-e-type=\"widget\" data-widget_type=\"heading.default\">\n\t\t\t\t<div class=\"elementor-widget-container\">\n\t\t\t\t\t<h2 class=\"elementor-heading-title elementor-size-default\">Bilo bi nam drago da i ti postane\u0161 sifonist!<\/h2>\t\t\t\t<\/div>\n\t\t\t\t<\/div>\n\t\t\t\t<div class=\"elementor-element elementor-element-17cfc21 elementor-widget__width-initial elementor-widget elementor-widget-template\" data-id=\"17cfc21\" data-element_type=\"widget\" data-e-type=\"widget\" data-widget_type=\"template.default\">\n\t\t\t\t<div class=\"elementor-widget-container\">\n\t\t\t\t\t\t\t<div class=\"elementor-template\">\n\t\t\t\t\t<div data-elementor-type=\"container\" data-elementor-id=\"4078\" class=\"elementor elementor-4078 elementor-459\" data-elementor-post-type=\"elementor_library\">\n\t\t\t\t<div class=\"elementor-element elementor-element-8fe643e e-flex e-con-boxed e-con e-parent\" data-id=\"8fe643e\" data-element_type=\"container\" data-e-type=\"container\">\n\t\t\t\t\t<div class=\"e-con-inner\">\n\t\t\t\t<div class=\"elementor-element elementor-element-8a95c3a elementor-widget-divider--view-line_text elementor-widget-divider--element-align-center elementor-widget elementor-widget-divider\" data-id=\"8a95c3a\" data-element_type=\"widget\" data-e-type=\"widget\" data-widget_type=\"divider.default\">\n\t\t\t\t<div class=\"elementor-widget-container\">\n\t\t\t\t\t\t\t<div class=\"elementor-divider\">\n\t\t\t<span class=\"elementor-divider-separator\">\n\t\t\t\t\t\t\t<span class=\"elementor-divider__text elementor-divider__element\">\n\t\t\t\tNewsletter\t\t\t\t<\/span>\n\t\t\t\t\t\t<\/span>\n\t\t<\/div>\n\t\t\t\t\t\t<\/div>\n\t\t\t\t<\/div>\n\t\t\t\t<div class=\"elementor-element elementor-element-efad312 elementor-widget elementor-widget-heading\" data-id=\"efad312\" data-element_type=\"widget\" data-e-type=\"widget\" data-widget_type=\"heading.default\">\n\t\t\t\t<div class=\"elementor-widget-container\">\n\t\t\t\t\t<h4 class=\"elementor-heading-title elementor-size-default\">Da, \u017eelim postati sifonist<\/h4>\t\t\t\t<\/div>\n\t\t\t\t<\/div>\n\t\t\t\t<div class=\"elementor-element elementor-element-3e8ad52 elementor-widget elementor-widget-text-editor\" data-id=\"3e8ad52\" data-element_type=\"widget\" data-e-type=\"widget\" data-widget_type=\"text-editor.default\">\n\t\t\t\t<div class=\"elementor-widget-container\">\n\t\t\t\t\t\t\t\t\tOvim putem se pretpla\u0107ujem na besplatni newsletter u svrhu dobivanja obavijesti o novim \u010dlancima i daljnjih pogodnosti.\t\t\t\t\t\t\t\t<\/div>\n\t\t\t\t<\/div>\n\t\t\t\t<div class=\"elementor-element elementor-element-9f72d87 elementor-button-align-stretch elementor-widget elementor-widget-form\" data-id=\"9f72d87\" data-element_type=\"widget\" data-e-type=\"widget\" data-settings=\"{&quot;step_next_label&quot;:&quot;Bli\\u017enji&quot;,&quot;step_previous_label&quot;:&quot;Pro\\u0161li&quot;,&quot;button_width&quot;:&quot;100&quot;,&quot;step_type&quot;:&quot;number_text&quot;,&quot;step_icon_shape&quot;:&quot;circle&quot;}\" data-widget_type=\"form.default\">\n\t\t\t\t<div class=\"elementor-widget-container\">\n\t\t\t\t\t\t\t<form class=\"elementor-form\" method=\"post\" name=\"Novi oblik\" aria-label=\"Novi oblik\">\n\t\t\t<input type=\"hidden\" name=\"post_id\" value=\"4078\"\/>\n\t\t\t<input type=\"hidden\" name=\"form_id\" value=\"9f72d87\"\/>\n\t\t\t<input type=\"hidden\" name=\"referer_title\" value=\"Home - Siphoniker-Blog, HL Hutterer &amp; Lechner GmbH in Himberg\" \/>\n\n\t\t\t\t\t\t\t<input type=\"hidden\" name=\"queried_id\" value=\"4031\"\/>\n\t\t\t\n\t\t\t<div class=\"elementor-form-fields-wrapper elementor-labels-\">\n\t\t\t\t\t\t\t\t<div class=\"elementor-field-type-text elementor-field-group elementor-column elementor-field-group-name elementor-col-100\">\n\t\t\t\t\t\t\t\t\t\t\t\t<label for=\"form-field-name\" class=\"elementor-field-label elementor-screen-only\">\n\t\t\t\t\t\t\t\tIme\t\t\t\t\t\t\t<\/label>\n\t\t\t\t\t\t\t\t\t\t\t\t\t\t<input size=\"1\" type=\"text\" name=\"form_fields[name]\" id=\"form-field-name\" class=\"elementor-field elementor-size-xs  elementor-field-textual\" placeholder=\"Ime\">\n\t\t\t\t\t\t\t\t\t\t\t<\/div>\n\t\t\t\t\t\t\t\t<div class=\"elementor-field-type-email elementor-field-group elementor-column elementor-field-group-email elementor-col-100 elementor-field-required\">\n\t\t\t\t\t\t\t\t\t\t\t\t<label for=\"form-field-email\" class=\"elementor-field-label elementor-screen-only\">\n\t\t\t\t\t\t\t\tE-Mail\t\t\t\t\t\t\t<\/label>\n\t\t\t\t\t\t\t\t\t\t\t\t\t\t<input size=\"1\" type=\"email\" name=\"form_fields[email]\" id=\"form-field-email\" class=\"elementor-field elementor-size-xs  elementor-field-textual\" placeholder=\"E-Mail\" required=\"required\">\n\t\t\t\t\t\t\t\t\t\t\t<\/div>\n\t\t\t\t\t\t\t\t<div class=\"elementor-field-group elementor-column elementor-field-type-submit elementor-col-100 e-form__buttons\">\n\t\t\t\t\t<button class=\"elementor-button elementor-size-sm\" type=\"submit\">\n\t\t\t\t\t\t<span class=\"elementor-button-content-wrapper\">\n\t\t\t\t\t\t\t\t\t\t\t\t\t\t\t\t\t\t\t\t\t\t<span class=\"elementor-button-text\">Podnesi<\/span>\n\t\t\t\t\t\t\t\t\t\t\t\t\t<\/span>\n\t\t\t\t\t<\/button>\n\t\t\t\t<\/div>\n\t\t\t<\/div>\n\t\t<\/form>\n\t\t\t\t\t\t<\/div>\n\t\t\t\t<\/div>\n\t\t\t\t\t<\/div>\n\t\t\t\t<\/div>\n\t\t\t\t<\/div>\n\t\t\t\t<\/div>\n\t\t\t\t\t\t<\/div>\n\t\t\t\t<\/div>\n\t\t\t\t\t<\/div>\n\t\t\t\t<\/div>\n\t\t\t\t<\/div>\n\t\t","protected":false},"excerpt":{"rendered":"<p>Skladamo sifonije Volimo harmoniju kada je u pitanju odvodnja! Zato se mi u HL Hutterer Lechner GmbH, kao vode\u0107i proizvo\u0111a\u010d odvoda, sifona i sanitarnih spojnih dijelova od plastike, svakodnevno bavimo malim detaljima koji donose velike promjene: za instalatere, projektante, arhitekte i, ne manje va\u017eno, stanovnike ku\u0107a u kojima na\u0161i proizvodi osiguravaju \u010distu odvodnju. Volimo harmoniju [&hellip;]<\/p>\n","protected":false},"author":4,"featured_media":0,"parent":0,"menu_order":0,"comment_status":"closed","ping_status":"closed","template":"","meta":{"_acf_changed":false,"footnotes":""},"class_list":["post-4023","page","type-page","status-publish","hentry"],"acf":[],"yoast_head":"<!-- This site is optimized with the Yoast SEO plugin v27.1.1 - https:\/\/yoast.com\/product\/yoast-seo-wordpress\/ -->\n<title>O nama. - Siphoniker-Blog, HL Hutterer &amp; Lechner GmbH in Himberg<\/title>\n<meta name=\"description\" content=\"Skladamo sifonije Volimo harmoniju kada je u pitanju odvodnja! Zato se mi u HL Hutterer Lechner GmbH, kao vode\u0107i proizvo\u0111a\u010d odvoda, sifona i sanitarnih\" \/>\n<meta name=\"robots\" content=\"index, follow, max-snippet:-1, max-image-preview:large, max-video-preview:-1\" \/>\n<link rel=\"canonical\" href=\"https:\/\/www.siphoniker.at\/hr\/o-nama\/\" \/>\n<meta property=\"og:locale\" content=\"hr_HR\" \/>\n<meta property=\"og:type\" content=\"article\" \/>\n<meta property=\"og:title\" content=\"O nama. - Siphoniker-Blog, HL Hutterer &amp; Lechner GmbH in Himberg\" \/>\n<meta property=\"og:description\" content=\"Skladamo sifonije Volimo harmoniju kada je u pitanju odvodnja! Zato se mi u HL Hutterer Lechner GmbH, kao vode\u0107i proizvo\u0111a\u010d odvoda, sifona i sanitarnih\" \/>\n<meta property=\"og:url\" content=\"https:\/\/www.siphoniker.at\/hr\/o-nama\/\" \/>\n<meta property=\"og:site_name\" content=\"Siphoniker-Blog, HL Hutterer &amp; Lechner GmbH in Himberg\" \/>\n<meta property=\"article:publisher\" content=\"https:\/\/www.facebook.com\/huttererlechnergmbh\/\" \/>\n<meta property=\"article:modified_time\" content=\"2026-04-10T12:48:36+00:00\" \/>\n<meta name=\"twitter:card\" content=\"summary_large_image\" \/>\n<meta name=\"twitter:label1\" content=\"Procijenjeno vrijeme \u010ditanja\" \/>\n\t<meta name=\"twitter:data1\" content=\"1 minuta\" \/>\n<script type=\"application\/ld+json\" class=\"yoast-schema-graph\">{\"@context\":\"https:\/\/schema.org\",\"@graph\":[{\"@type\":\"WebPage\",\"@id\":\"https:\/\/www.siphoniker.at\/hr\/o-nama\/\",\"url\":\"https:\/\/www.siphoniker.at\/hr\/o-nama\/\",\"name\":\"O nama. - Siphoniker-Blog, HL Hutterer &amp; Lechner GmbH in Himberg\",\"isPartOf\":{\"@id\":\"https:\/\/www.siphoniker.at\/hr\/#website\"},\"datePublished\":\"2022-10-06T12:16:45+00:00\",\"dateModified\":\"2026-04-10T12:48:36+00:00\",\"description\":\"Skladamo sifonije Volimo harmoniju kada je u pitanju odvodnja! Zato se mi u HL Hutterer Lechner GmbH, kao vode\u0107i proizvo\u0111a\u010d odvoda, sifona i sanitarnih\",\"breadcrumb\":{\"@id\":\"https:\/\/www.siphoniker.at\/hr\/o-nama\/#breadcrumb\"},\"inLanguage\":\"hr\",\"potentialAction\":[{\"@type\":\"ReadAction\",\"target\":[\"https:\/\/www.siphoniker.at\/hr\/o-nama\/\"]}]},{\"@type\":\"BreadcrumbList\",\"@id\":\"https:\/\/www.siphoniker.at\/hr\/o-nama\/#breadcrumb\",\"itemListElement\":[{\"@type\":\"ListItem\",\"position\":1,\"name\":\"Startseite\",\"item\":\"https:\/\/www.siphoniker.at\/hr\/\"},{\"@type\":\"ListItem\",\"position\":2,\"name\":\"O nama.\"}]},{\"@type\":\"WebSite\",\"@id\":\"https:\/\/www.siphoniker.at\/hr\/#website\",\"url\":\"https:\/\/www.siphoniker.at\/hr\/\",\"name\":\"HL Siphoniker-Blog\",\"description\":\"Kompetenz f\u00fcr perfekte Kompositionen - verfasst von Profis f\u00fcr Profis\",\"publisher\":{\"@id\":\"https:\/\/www.siphoniker.at\/hr\/#organization\"},\"potentialAction\":[{\"@type\":\"SearchAction\",\"target\":{\"@type\":\"EntryPoint\",\"urlTemplate\":\"https:\/\/www.siphoniker.at\/hr\/?s={search_term_string}\"},\"query-input\":{\"@type\":\"PropertyValueSpecification\",\"valueRequired\":true,\"valueName\":\"search_term_string\"}}],\"inLanguage\":\"hr\"},{\"@type\":\"Organization\",\"@id\":\"https:\/\/www.siphoniker.at\/hr\/#organization\",\"name\":\"Hutterer & Lechner GmbH in Himberg\",\"url\":\"https:\/\/www.siphoniker.at\/hr\/\",\"logo\":{\"@type\":\"ImageObject\",\"inLanguage\":\"hr\",\"@id\":\"https:\/\/www.siphoniker.at\/hr\/#\/schema\/logo\/image\/\",\"url\":\"https:\/\/www.siphoniker.at\/wp-content\/uploads\/2020\/09\/logo-siphoniker-1-1.svg\",\"contentUrl\":\"https:\/\/www.siphoniker.at\/wp-content\/uploads\/2020\/09\/logo-siphoniker-1-1.svg\",\"caption\":\"Hutterer & Lechner GmbH in Himberg\"},\"image\":{\"@id\":\"https:\/\/www.siphoniker.at\/hr\/#\/schema\/logo\/image\/\"},\"sameAs\":[\"https:\/\/www.facebook.com\/huttererlechnergmbh\/\",\"https:\/\/www.instagram.com\/hl.hutterer.lechner\/\",\"https:\/\/www.linkedin.com\/company\/hutterer-lechner-gmbh\/\",\"https:\/\/www.youtube.com\/channel\/UCoAza_27xat_FyVQWlmBpqw\"]}]}<\/script>\n<!-- \/ Yoast SEO plugin. -->","yoast_head_json":{"title":"O nama. - Siphoniker-Blog, HL Hutterer &amp; Lechner GmbH in Himberg","description":"Skladamo sifonije Volimo harmoniju kada je u pitanju odvodnja! Zato se mi u HL Hutterer Lechner GmbH, kao vode\u0107i proizvo\u0111a\u010d odvoda, sifona i sanitarnih","robots":{"index":"index","follow":"follow","max-snippet":"max-snippet:-1","max-image-preview":"max-image-preview:large","max-video-preview":"max-video-preview:-1"},"canonical":"https:\/\/www.siphoniker.at\/hr\/o-nama\/","og_locale":"hr_HR","og_type":"article","og_title":"O nama. - Siphoniker-Blog, HL Hutterer &amp; Lechner GmbH in Himberg","og_description":"Skladamo sifonije Volimo harmoniju kada je u pitanju odvodnja! Zato se mi u HL Hutterer Lechner GmbH, kao vode\u0107i proizvo\u0111a\u010d odvoda, sifona i sanitarnih","og_url":"https:\/\/www.siphoniker.at\/hr\/o-nama\/","og_site_name":"Siphoniker-Blog, HL Hutterer &amp; Lechner GmbH in Himberg","article_publisher":"https:\/\/www.facebook.com\/huttererlechnergmbh\/","article_modified_time":"2026-04-10T12:48:36+00:00","twitter_card":"summary_large_image","twitter_misc":{"Procijenjeno vrijeme \u010ditanja":"1 minuta"},"schema":{"@context":"https:\/\/schema.org","@graph":[{"@type":"WebPage","@id":"https:\/\/www.siphoniker.at\/hr\/o-nama\/","url":"https:\/\/www.siphoniker.at\/hr\/o-nama\/","name":"O nama. - Siphoniker-Blog, HL Hutterer &amp; Lechner GmbH in Himberg","isPartOf":{"@id":"https:\/\/www.siphoniker.at\/hr\/#website"},"datePublished":"2022-10-06T12:16:45+00:00","dateModified":"2026-04-10T12:48:36+00:00","description":"Skladamo sifonije Volimo harmoniju kada je u pitanju odvodnja! Zato se mi u HL Hutterer Lechner GmbH, kao vode\u0107i proizvo\u0111a\u010d odvoda, sifona i sanitarnih","breadcrumb":{"@id":"https:\/\/www.siphoniker.at\/hr\/o-nama\/#breadcrumb"},"inLanguage":"hr","potentialAction":[{"@type":"ReadAction","target":["https:\/\/www.siphoniker.at\/hr\/o-nama\/"]}]},{"@type":"BreadcrumbList","@id":"https:\/\/www.siphoniker.at\/hr\/o-nama\/#breadcrumb","itemListElement":[{"@type":"ListItem","position":1,"name":"Startseite","item":"https:\/\/www.siphoniker.at\/hr\/"},{"@type":"ListItem","position":2,"name":"O nama."}]},{"@type":"WebSite","@id":"https:\/\/www.siphoniker.at\/hr\/#website","url":"https:\/\/www.siphoniker.at\/hr\/","name":"HL Siphoniker-Blog","description":"Kompetenz f\u00fcr perfekte Kompositionen - verfasst von Profis f\u00fcr Profis","publisher":{"@id":"https:\/\/www.siphoniker.at\/hr\/#organization"},"potentialAction":[{"@type":"SearchAction","target":{"@type":"EntryPoint","urlTemplate":"https:\/\/www.siphoniker.at\/hr\/?s={search_term_string}"},"query-input":{"@type":"PropertyValueSpecification","valueRequired":true,"valueName":"search_term_string"}}],"inLanguage":"hr"},{"@type":"Organization","@id":"https:\/\/www.siphoniker.at\/hr\/#organization","name":"Hutterer & Lechner GmbH in Himberg","url":"https:\/\/www.siphoniker.at\/hr\/","logo":{"@type":"ImageObject","inLanguage":"hr","@id":"https:\/\/www.siphoniker.at\/hr\/#\/schema\/logo\/image\/","url":"https:\/\/www.siphoniker.at\/wp-content\/uploads\/2020\/09\/logo-siphoniker-1-1.svg","contentUrl":"https:\/\/www.siphoniker.at\/wp-content\/uploads\/2020\/09\/logo-siphoniker-1-1.svg","caption":"Hutterer & Lechner GmbH in Himberg"},"image":{"@id":"https:\/\/www.siphoniker.at\/hr\/#\/schema\/logo\/image\/"},"sameAs":["https:\/\/www.facebook.com\/huttererlechnergmbh\/","https:\/\/www.instagram.com\/hl.hutterer.lechner\/","https:\/\/www.linkedin.com\/company\/hutterer-lechner-gmbh\/","https:\/\/www.youtube.com\/channel\/UCoAza_27xat_FyVQWlmBpqw"]}]}},"_links":{"self":[{"href":"https:\/\/www.siphoniker.at\/hr\/wp-json\/wp\/v2\/pages\/4023","targetHints":{"allow":["GET"]}}],"collection":[{"href":"https:\/\/www.siphoniker.at\/hr\/wp-json\/wp\/v2\/pages"}],"about":[{"href":"https:\/\/www.siphoniker.at\/hr\/wp-json\/wp\/v2\/types\/page"}],"author":[{"embeddable":true,"href":"https:\/\/www.siphoniker.at\/hr\/wp-json\/wp\/v2\/users\/4"}],"replies":[{"embeddable":true,"href":"https:\/\/www.siphoniker.at\/hr\/wp-json\/wp\/v2\/comments?post=4023"}],"version-history":[{"count":4,"href":"https:\/\/www.siphoniker.at\/hr\/wp-json\/wp\/v2\/pages\/4023\/revisions"}],"predecessor-version":[{"id":9665,"href":"https:\/\/www.siphoniker.at\/hr\/wp-json\/wp\/v2\/pages\/4023\/revisions\/9665"}],"wp:attachment":[{"href":"https:\/\/www.siphoniker.at\/hr\/wp-json\/wp\/v2\/media?parent=4023"}],"curies":[{"name":"wp","href":"https:\/\/api.w.org\/{rel}","templated":true}]}}