{"id":9748,"date":"2022-10-31T11:42:30","date_gmt":"2022-10-31T10:42:30","guid":{"rendered":"https:\/\/www.siphoniker.at\/datenschutz\/"},"modified":"2026-04-10T16:55:39","modified_gmt":"2026-04-10T14:55:39","slug":"adatvedelem","status":"publish","type":"page","link":"https:\/\/www.siphoniker.at\/hu\/adatvedelem\/","title":{"rendered":"Adatv\u00e9delem"},"content":{"rendered":"\t\t<div data-elementor-type=\"wp-page\" data-elementor-id=\"9748\" class=\"elementor elementor-9748 elementor-1078\" data-elementor-post-type=\"page\">\n\t\t\t\t<div class=\"elementor-element elementor-element-5b11f64 e-flex e-con-boxed e-con e-parent\" data-id=\"5b11f64\" data-element_type=\"container\" data-e-type=\"container\">\n\t\t\t\t\t<div class=\"e-con-inner\">\n\t\t\t\t<div class=\"elementor-element elementor-element-5a7ba9d elementor-widget elementor-widget-text-editor\" data-id=\"5a7ba9d\" data-element_type=\"widget\" data-e-type=\"widget\" data-widget_type=\"text-editor.default\">\n\t\t\t\t<div class=\"elementor-widget-container\">\n\t\t\t\t\t\t\t\t\t<p>A k\u00edn\u00e1lt szolg\u00e1ltat\u00e1sok ig\u00e9nybev\u00e9tele \u00e9s kifizet\u00e9se \u2013 amennyire technikailag lehets\u00e9ges \u00e9s \u00e9sszer\u0171 \u2013 ilyen adatok megad\u00e1sa n\u00e9lk\u00fcl, vagy anonimiz\u00e1lt adatok, illetve \u00e1ln\u00e9v megad\u00e1s\u00e1val is megengedett. Tilos harmadik felek \u00e1ltal k\u00e9retlen inform\u00e1ci\u00f3k k\u00fcld\u00e9s\u00e9re felhaszn\u00e1lni a jogi nyilatkozatban k\u00f6zz\u00e9tett el\u00e9rhet\u0151s\u00e9geket vagy hasonl\u00f3 inform\u00e1ci\u00f3kat, p\u00e9ld\u00e1ul postai c\u00edmeket, telefon- \u00e9s faxsz\u00e1mokat, valamint e-mail c\u00edmeket.<\/p><p>Kifejezetten fenntartjuk a jogot, hogy jogi l\u00e9p\u00e9seket tegy\u00fcnk az \u00fagynevezett spam e-mailek k\u00fcld\u0151ivel szemben, akik megs\u00e9rtik ezt a tilalmat.<\/p>\t\t\t\t\t\t\t\t<\/div>\n\t\t\t\t<\/div>\n\t\t\t\t\t<\/div>\n\t\t\t\t<\/div>\n\t\t\t\t<\/div>\n\t\t","protected":false},"excerpt":{"rendered":"<p>A k\u00edn\u00e1lt szolg\u00e1ltat\u00e1sok ig\u00e9nybev\u00e9tele \u00e9s kifizet\u00e9se \u2013 amennyire technikailag lehets\u00e9ges \u00e9s \u00e9sszer\u0171 \u2013 ilyen adatok megad\u00e1sa n\u00e9lk\u00fcl, vagy anonimiz\u00e1lt adatok, illetve \u00e1ln\u00e9v megad\u00e1s\u00e1val is megengedett. Tilos harmadik felek \u00e1ltal k\u00e9retlen inform\u00e1ci\u00f3k k\u00fcld\u00e9s\u00e9re felhaszn\u00e1lni a jogi nyilatkozatban k\u00f6zz\u00e9tett el\u00e9rhet\u0151s\u00e9geket vagy hasonl\u00f3 inform\u00e1ci\u00f3kat, p\u00e9ld\u00e1ul postai c\u00edmeket, telefon- \u00e9s faxsz\u00e1mokat, valamint e-mail c\u00edmeket. Kifejezetten fenntartjuk a jogot, hogy [&hellip;]<\/p>\n","protected":false},"author":7,"featured_media":0,"parent":0,"menu_order":0,"comment_status":"closed","ping_status":"closed","template":"","meta":{"_acf_changed":false,"footnotes":""},"class_list":["post-9748","page","type-page","status-publish","hentry"],"acf":[],"yoast_head":"<!-- This site is optimized with the Yoast SEO plugin v27.1.1 - https:\/\/yoast.com\/product\/yoast-seo-wordpress\/ -->\n<title>Adatv\u00e9delem - Siphoniker-Blog, HL Hutterer &amp; Lechner GmbH in Himberg<\/title>\n<meta name=\"description\" content=\"A k\u00edn\u00e1lt szolg\u00e1ltat\u00e1sok ig\u00e9nybev\u00e9tele \u00e9s kifizet\u00e9se \u2013 amennyire technikailag lehets\u00e9ges \u00e9s \u00e9sszer\u0171 \u2013 ilyen adatok megad\u00e1sa n\u00e9lk\u00fcl, vagy anonimiz\u00e1lt\" \/>\n<meta name=\"robots\" content=\"index, follow, max-snippet:-1, max-image-preview:large, max-video-preview:-1\" \/>\n<link rel=\"canonical\" href=\"https:\/\/www.siphoniker.at\/hu\/adatvedelem\/\" \/>\n<meta property=\"og:locale\" content=\"hu_HU\" \/>\n<meta property=\"og:type\" content=\"article\" \/>\n<meta property=\"og:title\" content=\"Adatv\u00e9delem - Siphoniker-Blog, HL Hutterer &amp; Lechner GmbH in Himberg\" \/>\n<meta property=\"og:description\" content=\"A k\u00edn\u00e1lt szolg\u00e1ltat\u00e1sok ig\u00e9nybev\u00e9tele \u00e9s kifizet\u00e9se \u2013 amennyire technikailag lehets\u00e9ges \u00e9s \u00e9sszer\u0171 \u2013 ilyen adatok megad\u00e1sa n\u00e9lk\u00fcl, vagy anonimiz\u00e1lt\" \/>\n<meta property=\"og:url\" content=\"https:\/\/www.siphoniker.at\/hu\/adatvedelem\/\" \/>\n<meta property=\"og:site_name\" content=\"Siphoniker-Blog, HL Hutterer &amp; Lechner GmbH in Himberg\" \/>\n<meta property=\"article:publisher\" content=\"https:\/\/www.facebook.com\/huttererlechnergmbh\/\" \/>\n<meta property=\"article:modified_time\" content=\"2026-04-10T14:55:39+00:00\" \/>\n<meta name=\"twitter:card\" content=\"summary_large_image\" \/>\n<meta name=\"twitter:label1\" content=\"Est. reading time\" \/>\n\t<meta name=\"twitter:data1\" content=\"1 minute\" \/>\n<script type=\"application\/ld+json\" class=\"yoast-schema-graph\">{\"@context\":\"https:\/\/schema.org\",\"@graph\":[{\"@type\":\"WebPage\",\"@id\":\"https:\/\/www.siphoniker.at\/hu\/adatvedelem\/\",\"url\":\"https:\/\/www.siphoniker.at\/hu\/adatvedelem\/\",\"name\":\"Adatv\u00e9delem - Siphoniker-Blog, HL Hutterer &amp; Lechner GmbH in Himberg\",\"isPartOf\":{\"@id\":\"https:\/\/www.siphoniker.at\/hu\/#website\"},\"datePublished\":\"2022-10-31T10:42:30+00:00\",\"dateModified\":\"2026-04-10T14:55:39+00:00\",\"description\":\"A k\u00edn\u00e1lt szolg\u00e1ltat\u00e1sok ig\u00e9nybev\u00e9tele \u00e9s kifizet\u00e9se \u2013 amennyire technikailag lehets\u00e9ges \u00e9s \u00e9sszer\u0171 \u2013 ilyen adatok megad\u00e1sa n\u00e9lk\u00fcl, vagy anonimiz\u00e1lt\",\"breadcrumb\":{\"@id\":\"https:\/\/www.siphoniker.at\/hu\/adatvedelem\/#breadcrumb\"},\"inLanguage\":\"hu-HU\",\"potentialAction\":[{\"@type\":\"ReadAction\",\"target\":[\"https:\/\/www.siphoniker.at\/hu\/adatvedelem\/\"]}]},{\"@type\":\"BreadcrumbList\",\"@id\":\"https:\/\/www.siphoniker.at\/hu\/adatvedelem\/#breadcrumb\",\"itemListElement\":[{\"@type\":\"ListItem\",\"position\":1,\"name\":\"Startseite\",\"item\":\"https:\/\/www.siphoniker.at\/hu\/\"},{\"@type\":\"ListItem\",\"position\":2,\"name\":\"Adatv\u00e9delem\"}]},{\"@type\":\"WebSite\",\"@id\":\"https:\/\/www.siphoniker.at\/hu\/#website\",\"url\":\"https:\/\/www.siphoniker.at\/hu\/\",\"name\":\"HL Siphoniker-Blog\",\"description\":\"Kompetenz f\u00fcr perfekte Kompositionen - verfasst von Profis f\u00fcr Profis\",\"publisher\":{\"@id\":\"https:\/\/www.siphoniker.at\/hu\/#organization\"},\"potentialAction\":[{\"@type\":\"SearchAction\",\"target\":{\"@type\":\"EntryPoint\",\"urlTemplate\":\"https:\/\/www.siphoniker.at\/hu\/?s={search_term_string}\"},\"query-input\":{\"@type\":\"PropertyValueSpecification\",\"valueRequired\":true,\"valueName\":\"search_term_string\"}}],\"inLanguage\":\"hu-HU\"},{\"@type\":\"Organization\",\"@id\":\"https:\/\/www.siphoniker.at\/hu\/#organization\",\"name\":\"Hutterer & Lechner GmbH in Himberg\",\"url\":\"https:\/\/www.siphoniker.at\/hu\/\",\"logo\":{\"@type\":\"ImageObject\",\"inLanguage\":\"hu-HU\",\"@id\":\"https:\/\/www.siphoniker.at\/hu\/#\/schema\/logo\/image\/\",\"url\":\"https:\/\/www.siphoniker.at\/wp-content\/uploads\/2020\/09\/logo-siphoniker-1.svg\",\"contentUrl\":\"https:\/\/www.siphoniker.at\/wp-content\/uploads\/2020\/09\/logo-siphoniker-1.svg\",\"width\":732,\"height\":151,\"caption\":\"Hutterer & Lechner GmbH in Himberg\"},\"image\":{\"@id\":\"https:\/\/www.siphoniker.at\/hu\/#\/schema\/logo\/image\/\"},\"sameAs\":[\"https:\/\/www.facebook.com\/huttererlechnergmbh\/\",\"https:\/\/www.instagram.com\/hl.hutterer.lechner\/\",\"https:\/\/www.linkedin.com\/company\/hutterer-lechner-gmbh\/\",\"https:\/\/www.youtube.com\/channel\/UCoAza_27xat_FyVQWlmBpqw\"]}]}<\/script>\n<!-- \/ Yoast SEO plugin. -->","yoast_head_json":{"title":"Adatv\u00e9delem - Siphoniker-Blog, HL Hutterer &amp; Lechner GmbH in Himberg","description":"A k\u00edn\u00e1lt szolg\u00e1ltat\u00e1sok ig\u00e9nybev\u00e9tele \u00e9s kifizet\u00e9se \u2013 amennyire technikailag lehets\u00e9ges \u00e9s \u00e9sszer\u0171 \u2013 ilyen adatok megad\u00e1sa n\u00e9lk\u00fcl, vagy anonimiz\u00e1lt","robots":{"index":"index","follow":"follow","max-snippet":"max-snippet:-1","max-image-preview":"max-image-preview:large","max-video-preview":"max-video-preview:-1"},"canonical":"https:\/\/www.siphoniker.at\/hu\/adatvedelem\/","og_locale":"hu_HU","og_type":"article","og_title":"Adatv\u00e9delem - Siphoniker-Blog, HL Hutterer &amp; Lechner GmbH in Himberg","og_description":"A k\u00edn\u00e1lt szolg\u00e1ltat\u00e1sok ig\u00e9nybev\u00e9tele \u00e9s kifizet\u00e9se \u2013 amennyire technikailag lehets\u00e9ges \u00e9s \u00e9sszer\u0171 \u2013 ilyen adatok megad\u00e1sa n\u00e9lk\u00fcl, vagy anonimiz\u00e1lt","og_url":"https:\/\/www.siphoniker.at\/hu\/adatvedelem\/","og_site_name":"Siphoniker-Blog, HL Hutterer &amp; Lechner GmbH in Himberg","article_publisher":"https:\/\/www.facebook.com\/huttererlechnergmbh\/","article_modified_time":"2026-04-10T14:55:39+00:00","twitter_card":"summary_large_image","twitter_misc":{"Est. reading time":"1 minute"},"schema":{"@context":"https:\/\/schema.org","@graph":[{"@type":"WebPage","@id":"https:\/\/www.siphoniker.at\/hu\/adatvedelem\/","url":"https:\/\/www.siphoniker.at\/hu\/adatvedelem\/","name":"Adatv\u00e9delem - Siphoniker-Blog, HL Hutterer &amp; Lechner GmbH in Himberg","isPartOf":{"@id":"https:\/\/www.siphoniker.at\/hu\/#website"},"datePublished":"2022-10-31T10:42:30+00:00","dateModified":"2026-04-10T14:55:39+00:00","description":"A k\u00edn\u00e1lt szolg\u00e1ltat\u00e1sok ig\u00e9nybev\u00e9tele \u00e9s kifizet\u00e9se \u2013 amennyire technikailag lehets\u00e9ges \u00e9s \u00e9sszer\u0171 \u2013 ilyen adatok megad\u00e1sa n\u00e9lk\u00fcl, vagy anonimiz\u00e1lt","breadcrumb":{"@id":"https:\/\/www.siphoniker.at\/hu\/adatvedelem\/#breadcrumb"},"inLanguage":"hu-HU","potentialAction":[{"@type":"ReadAction","target":["https:\/\/www.siphoniker.at\/hu\/adatvedelem\/"]}]},{"@type":"BreadcrumbList","@id":"https:\/\/www.siphoniker.at\/hu\/adatvedelem\/#breadcrumb","itemListElement":[{"@type":"ListItem","position":1,"name":"Startseite","item":"https:\/\/www.siphoniker.at\/hu\/"},{"@type":"ListItem","position":2,"name":"Adatv\u00e9delem"}]},{"@type":"WebSite","@id":"https:\/\/www.siphoniker.at\/hu\/#website","url":"https:\/\/www.siphoniker.at\/hu\/","name":"HL Siphoniker-Blog","description":"Kompetenz f\u00fcr perfekte Kompositionen - verfasst von Profis f\u00fcr Profis","publisher":{"@id":"https:\/\/www.siphoniker.at\/hu\/#organization"},"potentialAction":[{"@type":"SearchAction","target":{"@type":"EntryPoint","urlTemplate":"https:\/\/www.siphoniker.at\/hu\/?s={search_term_string}"},"query-input":{"@type":"PropertyValueSpecification","valueRequired":true,"valueName":"search_term_string"}}],"inLanguage":"hu-HU"},{"@type":"Organization","@id":"https:\/\/www.siphoniker.at\/hu\/#organization","name":"Hutterer & Lechner GmbH in Himberg","url":"https:\/\/www.siphoniker.at\/hu\/","logo":{"@type":"ImageObject","inLanguage":"hu-HU","@id":"https:\/\/www.siphoniker.at\/hu\/#\/schema\/logo\/image\/","url":"https:\/\/www.siphoniker.at\/wp-content\/uploads\/2020\/09\/logo-siphoniker-1.svg","contentUrl":"https:\/\/www.siphoniker.at\/wp-content\/uploads\/2020\/09\/logo-siphoniker-1.svg","width":732,"height":151,"caption":"Hutterer & Lechner GmbH in Himberg"},"image":{"@id":"https:\/\/www.siphoniker.at\/hu\/#\/schema\/logo\/image\/"},"sameAs":["https:\/\/www.facebook.com\/huttererlechnergmbh\/","https:\/\/www.instagram.com\/hl.hutterer.lechner\/","https:\/\/www.linkedin.com\/company\/hutterer-lechner-gmbh\/","https:\/\/www.youtube.com\/channel\/UCoAza_27xat_FyVQWlmBpqw"]}]}},"_links":{"self":[{"href":"https:\/\/www.siphoniker.at\/hu\/wp-json\/wp\/v2\/pages\/9748","targetHints":{"allow":["GET"]}}],"collection":[{"href":"https:\/\/www.siphoniker.at\/hu\/wp-json\/wp\/v2\/pages"}],"about":[{"href":"https:\/\/www.siphoniker.at\/hu\/wp-json\/wp\/v2\/types\/page"}],"author":[{"embeddable":true,"href":"https:\/\/www.siphoniker.at\/hu\/wp-json\/wp\/v2\/users\/7"}],"replies":[{"embeddable":true,"href":"https:\/\/www.siphoniker.at\/hu\/wp-json\/wp\/v2\/comments?post=9748"}],"version-history":[{"count":7,"href":"https:\/\/www.siphoniker.at\/hu\/wp-json\/wp\/v2\/pages\/9748\/revisions"}],"predecessor-version":[{"id":9787,"href":"https:\/\/www.siphoniker.at\/hu\/wp-json\/wp\/v2\/pages\/9748\/revisions\/9787"}],"wp:attachment":[{"href":"https:\/\/www.siphoniker.at\/hu\/wp-json\/wp\/v2\/media?parent=9748"}],"curies":[{"name":"wp","href":"https:\/\/api.w.org\/{rel}","templated":true}]}}