{"id":4019,"date":"2022-10-06T14:16:45","date_gmt":"2022-10-06T12:16:45","guid":{"rendered":"https:\/\/www.siphoniker.at\/kerko\/"},"modified":"2026-04-10T14:48:35","modified_gmt":"2026-04-10T12:48:35","slug":"kerko","status":"publish","type":"page","link":"https:\/\/www.siphoniker.at\/sq\/kerko\/","title":{"rendered":"Rreth nesh"},"content":{"rendered":"\t\t<div data-elementor-type=\"wp-page\" data-elementor-id=\"4019\" class=\"elementor elementor-4019 elementor-360\" data-elementor-post-type=\"page\">\n\t\t\t\t<div class=\"elementor-element elementor-element-ab2d596 e-flex e-con-boxed e-con e-parent\" data-id=\"ab2d596\" data-element_type=\"container\" data-e-type=\"container\">\n\t\t\t\t\t<div class=\"e-con-inner\">\n\t\t<div class=\"elementor-element elementor-element-68993ce e-con-full e-flex e-con e-child\" data-id=\"68993ce\" data-element_type=\"container\" data-e-type=\"container\" data-settings=\"{&quot;background_background&quot;:&quot;classic&quot;}\">\n\t\t\t\t<\/div>\n\t\t<div class=\"elementor-element elementor-element-7e69fb7 e-con-full e-flex e-con e-child\" data-id=\"7e69fb7\" data-element_type=\"container\" data-e-type=\"container\">\n\t\t\t\t<div class=\"elementor-element elementor-element-adc25c7 elementor-widget elementor-widget-heading\" data-id=\"adc25c7\" data-element_type=\"widget\" data-e-type=\"widget\" data-widget_type=\"heading.default\">\n\t\t\t\t<div class=\"elementor-widget-container\">\n\t\t\t\t\t<h2 class=\"elementor-heading-title elementor-size-default\">Ne kompozojm\u00eb sifoni<\/h2>\t\t\t\t<\/div>\n\t\t\t\t<\/div>\n\t\t\t\t<div class=\"elementor-element elementor-element-67b9d33 elementor-widget elementor-widget-text-editor\" data-id=\"67b9d33\" data-element_type=\"widget\" data-e-type=\"widget\" data-widget_type=\"text-editor.default\">\n\t\t\t\t<div class=\"elementor-widget-container\">\n\t\t\t\t\t\t\t\t\t<p>Ne e duam harmonin\u00eb e uj\u00ebmbledh\u00ebsave! Prandaj n\u00eb HL Hutterer  Lechner GmbH, si prodhues lider i uj\u00ebmbledh\u00ebsave plastik, sifonave dhe pjes\u00ebve bashkuese, punojm\u00eb \u00e7do dit\u00eb p\u00ebr t\u00eb sjell\u00eb ndryshime t\u00eb m\u00ebdha me detaje t\u00eb vogla p\u00ebr hidraulik\u00ebt, projektuesit, arkitekt\u00ebt dhe banor\u00ebt e sht\u00ebpive n\u00eb t\u00eb cilat instalohen produktet tona p\u00ebr t\u00eb garantuar shkarkime t\u00eb pastra. <\/p><p>Si sifonist\u00eb entuziast\u00eb, ne duam t\u00eb organizojm\u00eb nj\u00eb shk\u00ebmbim njohurish dhe eksperiencash me ju! N\u00eb k\u00ebt\u00eb m\u00ebnyr\u00eb ne si prodhues, projektuesit dhe profesionist\u00ebt e tjer\u00eb formojm\u00eb nj\u00eb orkest\u00ebr t\u00eb harmonizuar, dhe k\u00ebshtu frym\u00ebzojm\u00eb klient\u00ebt s\u00eb bashku.  <\/p>\t\t\t\t\t\t\t\t<\/div>\n\t\t\t\t<\/div>\n\t\t\t\t<\/div>\n\t\t\t\t\t<\/div>\n\t\t\t\t<\/div>\n\t\t<div class=\"elementor-element elementor-element-1464b80 e-flex e-con-boxed e-con e-parent\" data-id=\"1464b80\" data-element_type=\"container\" data-e-type=\"container\" id=\"club\">\n\t\t\t\t\t<div class=\"e-con-inner\">\n\t\t\t\t<div class=\"elementor-element elementor-element-df754cf elementor-widget elementor-widget-heading\" data-id=\"df754cf\" data-element_type=\"widget\" data-e-type=\"widget\" data-widget_type=\"heading.default\">\n\t\t\t\t<div class=\"elementor-widget-container\">\n\t\t\t\t\t<h2 class=\"elementor-heading-title elementor-size-default\">Po presim q\u00eb edhe it t\u00eb b\u00ebhesh sifonist!<\/h2>\t\t\t\t<\/div>\n\t\t\t\t<\/div>\n\t\t\t\t<div class=\"elementor-element elementor-element-17cfc21 elementor-widget__width-initial elementor-widget elementor-widget-template\" data-id=\"17cfc21\" data-element_type=\"widget\" data-e-type=\"widget\" data-widget_type=\"template.default\">\n\t\t\t\t<div class=\"elementor-widget-container\">\n\t\t\t\t\t\t\t<div class=\"elementor-template\">\n\t\t\t\t\t<div data-elementor-type=\"container\" data-elementor-id=\"4074\" class=\"elementor elementor-4074 elementor-459\" data-elementor-post-type=\"elementor_library\">\n\t\t\t\t<div class=\"elementor-element elementor-element-8fe643e e-flex e-con-boxed e-con e-parent\" data-id=\"8fe643e\" data-element_type=\"container\" data-e-type=\"container\">\n\t\t\t\t\t<div class=\"e-con-inner\">\n\t\t\t\t<div class=\"elementor-element elementor-element-8a95c3a elementor-widget-divider--view-line_text elementor-widget-divider--element-align-center elementor-widget elementor-widget-divider\" data-id=\"8a95c3a\" data-element_type=\"widget\" data-e-type=\"widget\" data-widget_type=\"divider.default\">\n\t\t\t\t<div class=\"elementor-widget-container\">\n\t\t\t\t\t\t\t<div class=\"elementor-divider\">\n\t\t\t<span class=\"elementor-divider-separator\">\n\t\t\t\t\t\t\t<span class=\"elementor-divider__text elementor-divider__element\">\n\t\t\t\tbroshura informuese\t\t\t\t<\/span>\n\t\t\t\t\t\t<\/span>\n\t\t<\/div>\n\t\t\t\t\t\t<\/div>\n\t\t\t\t<\/div>\n\t\t\t\t<div class=\"elementor-element elementor-element-efad312 elementor-widget elementor-widget-heading\" data-id=\"efad312\" data-element_type=\"widget\" data-e-type=\"widget\" data-widget_type=\"heading.default\">\n\t\t\t\t<div class=\"elementor-widget-container\">\n\t\t\t\t\t<h4 class=\"elementor-heading-title elementor-size-default\">Po, dua t\u00eb b\u00ebhem sifonist<\/h4>\t\t\t\t<\/div>\n\t\t\t\t<\/div>\n\t\t\t\t<div class=\"elementor-element elementor-element-3e8ad52 elementor-widget elementor-widget-text-editor\" data-id=\"3e8ad52\" data-element_type=\"widget\" data-e-type=\"widget\" data-widget_type=\"text-editor.default\">\n\t\t\t\t<div class=\"elementor-widget-container\">\n\t\t\t\t\t\t\t\t\t<p>Pranoj t\u00eb abonohem p\u00ebr informim falas n\u00ebp\u00ebrmjet artikujve dhe p\u00ebr p\u00ebrfitime t\u00eb tjera.<\/p>\n\t\t\t\t\t\t\t\t<\/div>\n\t\t\t\t<\/div>\n\t\t\t\t<div class=\"elementor-element elementor-element-9f72d87 elementor-button-align-stretch elementor-widget elementor-widget-form\" data-id=\"9f72d87\" data-element_type=\"widget\" data-e-type=\"widget\" data-settings=\"{&quot;step_next_label&quot;:&quot;Tjet\\u00ebr&quot;,&quot;step_previous_label&quot;:&quot;E m\\u00ebparshme&quot;,&quot;button_width&quot;:&quot;100&quot;,&quot;step_type&quot;:&quot;number_text&quot;,&quot;step_icon_shape&quot;:&quot;circle&quot;}\" data-widget_type=\"form.default\">\n\t\t\t\t<div class=\"elementor-widget-container\">\n\t\t\t\t\t\t\t<form class=\"elementor-form\" method=\"post\" name=\"Form\u00eb e re\" aria-label=\"Form\u00eb e re\">\n\t\t\t<input type=\"hidden\" name=\"post_id\" value=\"4074\"\/>\n\t\t\t<input type=\"hidden\" name=\"form_id\" value=\"9f72d87\"\/>\n\t\t\t<input type=\"hidden\" name=\"referer_title\" value=\"Faqja kryesore - Siphoniker-Blog, HL Hutterer &amp; Lechner GmbH in Himberg\" \/>\n\n\t\t\t\t\t\t\t<input type=\"hidden\" name=\"queried_id\" value=\"4011\"\/>\n\t\t\t\n\t\t\t<div class=\"elementor-form-fields-wrapper elementor-labels-\">\n\t\t\t\t\t\t\t\t<div class=\"elementor-field-type-text elementor-field-group elementor-column elementor-field-group-name elementor-col-100\">\n\t\t\t\t\t\t\t\t\t\t\t\t<label for=\"form-field-name\" class=\"elementor-field-label elementor-screen-only\">\n\t\t\t\t\t\t\t\tEmri\t\t\t\t\t\t\t<\/label>\n\t\t\t\t\t\t\t\t\t\t\t\t\t\t<input size=\"1\" type=\"text\" name=\"form_fields[name]\" id=\"form-field-name\" class=\"elementor-field elementor-size-xs  elementor-field-textual\" placeholder=\"Emri\">\n\t\t\t\t\t\t\t\t\t\t\t<\/div>\n\t\t\t\t\t\t\t\t<div class=\"elementor-field-type-email elementor-field-group elementor-column elementor-field-group-email elementor-col-100 elementor-field-required\">\n\t\t\t\t\t\t\t\t\t\t\t\t<label for=\"form-field-email\" class=\"elementor-field-label elementor-screen-only\">\n\t\t\t\t\t\t\t\tE-Mail\t\t\t\t\t\t\t<\/label>\n\t\t\t\t\t\t\t\t\t\t\t\t\t\t<input size=\"1\" type=\"email\" name=\"form_fields[email]\" id=\"form-field-email\" class=\"elementor-field elementor-size-xs  elementor-field-textual\" placeholder=\"E-Mail\" required=\"required\">\n\t\t\t\t\t\t\t\t\t\t\t<\/div>\n\t\t\t\t\t\t\t\t<div class=\"elementor-field-group elementor-column elementor-field-type-submit elementor-col-100 e-form__buttons\">\n\t\t\t\t\t<button class=\"elementor-button elementor-size-sm\" type=\"submit\">\n\t\t\t\t\t\t<span class=\"elementor-button-content-wrapper\">\n\t\t\t\t\t\t\t\t\t\t\t\t\t\t\t\t\t\t\t\t\t\t<span class=\"elementor-button-text\">D\u00ebrgo<\/span>\n\t\t\t\t\t\t\t\t\t\t\t\t\t<\/span>\n\t\t\t\t\t<\/button>\n\t\t\t\t<\/div>\n\t\t\t<\/div>\n\t\t<\/form>\n\t\t\t\t\t\t<\/div>\n\t\t\t\t<\/div>\n\t\t\t\t\t<\/div>\n\t\t\t\t<\/div>\n\t\t\t\t<\/div>\n\t\t\t\t<\/div>\n\t\t\t\t\t\t<\/div>\n\t\t\t\t<\/div>\n\t\t\t\t\t<\/div>\n\t\t\t\t<\/div>\n\t\t\t\t<\/div>\n\t\t","protected":false},"excerpt":{"rendered":"<p>Ne kompozojm\u00eb sifoni Ne e duam harmonin\u00eb e uj\u00ebmbledh\u00ebsave! Prandaj n\u00eb HL Hutterer Lechner GmbH, si prodhues lider i uj\u00ebmbledh\u00ebsave plastik, sifonave dhe pjes\u00ebve bashkuese, punojm\u00eb \u00e7do dit\u00eb p\u00ebr t\u00eb sjell\u00eb ndryshime t\u00eb m\u00ebdha me detaje t\u00eb vogla p\u00ebr hidraulik\u00ebt, projektuesit, arkitekt\u00ebt dhe banor\u00ebt e sht\u00ebpive n\u00eb t\u00eb cilat instalohen produktet tona p\u00ebr t\u00eb garantuar [&hellip;]<\/p>\n","protected":false},"author":4,"featured_media":0,"parent":0,"menu_order":0,"comment_status":"closed","ping_status":"closed","template":"","meta":{"_acf_changed":false,"footnotes":""},"class_list":["post-4019","page","type-page","status-publish","hentry"],"acf":[],"yoast_head":"<!-- This site is optimized with the Yoast SEO plugin v27.1.1 - https:\/\/yoast.com\/product\/yoast-seo-wordpress\/ -->\n<title>Rreth nesh - Siphoniker-Blog, HL Hutterer &amp; Lechner GmbH in Himberg<\/title>\n<meta name=\"description\" content=\"Ne kompozojm\u00eb sifoni Ne e duam harmonin\u00eb e uj\u00ebmbledh\u00ebsave! Prandaj n\u00eb HL Hutterer Lechner GmbH, si prodhues lider i uj\u00ebmbledh\u00ebsave plastik, sifonave dhe\" \/>\n<meta name=\"robots\" content=\"index, follow, max-snippet:-1, max-image-preview:large, max-video-preview:-1\" \/>\n<link rel=\"canonical\" href=\"https:\/\/www.siphoniker.at\/sq\/kerko\/\" \/>\n<meta property=\"og:locale\" content=\"sq_AL\" \/>\n<meta property=\"og:type\" content=\"article\" \/>\n<meta property=\"og:title\" content=\"Rreth nesh - Siphoniker-Blog, HL Hutterer &amp; Lechner GmbH in Himberg\" \/>\n<meta property=\"og:description\" content=\"Ne kompozojm\u00eb sifoni Ne e duam harmonin\u00eb e uj\u00ebmbledh\u00ebsave! Prandaj n\u00eb HL Hutterer Lechner GmbH, si prodhues lider i uj\u00ebmbledh\u00ebsave plastik, sifonave dhe\" \/>\n<meta property=\"og:url\" content=\"https:\/\/www.siphoniker.at\/sq\/kerko\/\" \/>\n<meta property=\"og:site_name\" content=\"Siphoniker-Blog, HL Hutterer &amp; Lechner GmbH in Himberg\" \/>\n<meta property=\"article:publisher\" content=\"https:\/\/www.facebook.com\/huttererlechnergmbh\/\" \/>\n<meta property=\"article:modified_time\" content=\"2026-04-10T12:48:35+00:00\" \/>\n<meta name=\"twitter:card\" content=\"summary_large_image\" \/>\n<meta name=\"twitter:label1\" content=\"Est. reading time\" \/>\n\t<meta name=\"twitter:data1\" content=\"1 minut\u00eb\" \/>\n<script type=\"application\/ld+json\" class=\"yoast-schema-graph\">{\"@context\":\"https:\/\/schema.org\",\"@graph\":[{\"@type\":\"WebPage\",\"@id\":\"https:\/\/www.siphoniker.at\/sq\/kerko\/\",\"url\":\"https:\/\/www.siphoniker.at\/sq\/kerko\/\",\"name\":\"Rreth nesh - Siphoniker-Blog, HL Hutterer &amp; Lechner GmbH in Himberg\",\"isPartOf\":{\"@id\":\"https:\/\/www.siphoniker.at\/sq\/#website\"},\"datePublished\":\"2022-10-06T12:16:45+00:00\",\"dateModified\":\"2026-04-10T12:48:35+00:00\",\"description\":\"Ne kompozojm\u00eb sifoni Ne e duam harmonin\u00eb e uj\u00ebmbledh\u00ebsave! Prandaj n\u00eb HL Hutterer Lechner GmbH, si prodhues lider i uj\u00ebmbledh\u00ebsave plastik, sifonave dhe\",\"breadcrumb\":{\"@id\":\"https:\/\/www.siphoniker.at\/sq\/kerko\/#breadcrumb\"},\"inLanguage\":\"sq\",\"potentialAction\":[{\"@type\":\"ReadAction\",\"target\":[\"https:\/\/www.siphoniker.at\/sq\/kerko\/\"]}]},{\"@type\":\"BreadcrumbList\",\"@id\":\"https:\/\/www.siphoniker.at\/sq\/kerko\/#breadcrumb\",\"itemListElement\":[{\"@type\":\"ListItem\",\"position\":1,\"name\":\"Startseite\",\"item\":\"https:\/\/www.siphoniker.at\/sq\/\"},{\"@type\":\"ListItem\",\"position\":2,\"name\":\"Rreth nesh\"}]},{\"@type\":\"WebSite\",\"@id\":\"https:\/\/www.siphoniker.at\/sq\/#website\",\"url\":\"https:\/\/www.siphoniker.at\/sq\/\",\"name\":\"HL Siphoniker-Blog\",\"description\":\"Kompetenz f\u00fcr perfekte Kompositionen - verfasst von Profis f\u00fcr Profis\",\"publisher\":{\"@id\":\"https:\/\/www.siphoniker.at\/sq\/#organization\"},\"potentialAction\":[{\"@type\":\"SearchAction\",\"target\":{\"@type\":\"EntryPoint\",\"urlTemplate\":\"https:\/\/www.siphoniker.at\/sq\/?s={search_term_string}\"},\"query-input\":{\"@type\":\"PropertyValueSpecification\",\"valueRequired\":true,\"valueName\":\"search_term_string\"}}],\"inLanguage\":\"sq\"},{\"@type\":\"Organization\",\"@id\":\"https:\/\/www.siphoniker.at\/sq\/#organization\",\"name\":\"Hutterer & Lechner GmbH in Himberg\",\"url\":\"https:\/\/www.siphoniker.at\/sq\/\",\"logo\":{\"@type\":\"ImageObject\",\"inLanguage\":\"sq\",\"@id\":\"https:\/\/www.siphoniker.at\/sq\/#\/schema\/logo\/image\/\",\"url\":\"https:\/\/www.siphoniker.at\/wp-content\/uploads\/2020\/09\/logo-siphoniker-1-1.svg\",\"contentUrl\":\"https:\/\/www.siphoniker.at\/wp-content\/uploads\/2020\/09\/logo-siphoniker-1-1.svg\",\"caption\":\"Hutterer & Lechner GmbH in Himberg\"},\"image\":{\"@id\":\"https:\/\/www.siphoniker.at\/sq\/#\/schema\/logo\/image\/\"},\"sameAs\":[\"https:\/\/www.facebook.com\/huttererlechnergmbh\/\",\"https:\/\/www.instagram.com\/hl.hutterer.lechner\/\",\"https:\/\/www.linkedin.com\/company\/hutterer-lechner-gmbh\/\",\"https:\/\/www.youtube.com\/channel\/UCoAza_27xat_FyVQWlmBpqw\"]}]}<\/script>\n<!-- \/ Yoast SEO plugin. -->","yoast_head_json":{"title":"Rreth nesh - Siphoniker-Blog, HL Hutterer &amp; Lechner GmbH in Himberg","description":"Ne kompozojm\u00eb sifoni Ne e duam harmonin\u00eb e uj\u00ebmbledh\u00ebsave! Prandaj n\u00eb HL Hutterer Lechner GmbH, si prodhues lider i uj\u00ebmbledh\u00ebsave plastik, sifonave dhe","robots":{"index":"index","follow":"follow","max-snippet":"max-snippet:-1","max-image-preview":"max-image-preview:large","max-video-preview":"max-video-preview:-1"},"canonical":"https:\/\/www.siphoniker.at\/sq\/kerko\/","og_locale":"sq_AL","og_type":"article","og_title":"Rreth nesh - Siphoniker-Blog, HL Hutterer &amp; Lechner GmbH in Himberg","og_description":"Ne kompozojm\u00eb sifoni Ne e duam harmonin\u00eb e uj\u00ebmbledh\u00ebsave! Prandaj n\u00eb HL Hutterer Lechner GmbH, si prodhues lider i uj\u00ebmbledh\u00ebsave plastik, sifonave dhe","og_url":"https:\/\/www.siphoniker.at\/sq\/kerko\/","og_site_name":"Siphoniker-Blog, HL Hutterer &amp; Lechner GmbH in Himberg","article_publisher":"https:\/\/www.facebook.com\/huttererlechnergmbh\/","article_modified_time":"2026-04-10T12:48:35+00:00","twitter_card":"summary_large_image","twitter_misc":{"Est. reading time":"1 minut\u00eb"},"schema":{"@context":"https:\/\/schema.org","@graph":[{"@type":"WebPage","@id":"https:\/\/www.siphoniker.at\/sq\/kerko\/","url":"https:\/\/www.siphoniker.at\/sq\/kerko\/","name":"Rreth nesh - Siphoniker-Blog, HL Hutterer &amp; Lechner GmbH in Himberg","isPartOf":{"@id":"https:\/\/www.siphoniker.at\/sq\/#website"},"datePublished":"2022-10-06T12:16:45+00:00","dateModified":"2026-04-10T12:48:35+00:00","description":"Ne kompozojm\u00eb sifoni Ne e duam harmonin\u00eb e uj\u00ebmbledh\u00ebsave! Prandaj n\u00eb HL Hutterer Lechner GmbH, si prodhues lider i uj\u00ebmbledh\u00ebsave plastik, sifonave dhe","breadcrumb":{"@id":"https:\/\/www.siphoniker.at\/sq\/kerko\/#breadcrumb"},"inLanguage":"sq","potentialAction":[{"@type":"ReadAction","target":["https:\/\/www.siphoniker.at\/sq\/kerko\/"]}]},{"@type":"BreadcrumbList","@id":"https:\/\/www.siphoniker.at\/sq\/kerko\/#breadcrumb","itemListElement":[{"@type":"ListItem","position":1,"name":"Startseite","item":"https:\/\/www.siphoniker.at\/sq\/"},{"@type":"ListItem","position":2,"name":"Rreth nesh"}]},{"@type":"WebSite","@id":"https:\/\/www.siphoniker.at\/sq\/#website","url":"https:\/\/www.siphoniker.at\/sq\/","name":"HL Siphoniker-Blog","description":"Kompetenz f\u00fcr perfekte Kompositionen - verfasst von Profis f\u00fcr Profis","publisher":{"@id":"https:\/\/www.siphoniker.at\/sq\/#organization"},"potentialAction":[{"@type":"SearchAction","target":{"@type":"EntryPoint","urlTemplate":"https:\/\/www.siphoniker.at\/sq\/?s={search_term_string}"},"query-input":{"@type":"PropertyValueSpecification","valueRequired":true,"valueName":"search_term_string"}}],"inLanguage":"sq"},{"@type":"Organization","@id":"https:\/\/www.siphoniker.at\/sq\/#organization","name":"Hutterer & Lechner GmbH in Himberg","url":"https:\/\/www.siphoniker.at\/sq\/","logo":{"@type":"ImageObject","inLanguage":"sq","@id":"https:\/\/www.siphoniker.at\/sq\/#\/schema\/logo\/image\/","url":"https:\/\/www.siphoniker.at\/wp-content\/uploads\/2020\/09\/logo-siphoniker-1-1.svg","contentUrl":"https:\/\/www.siphoniker.at\/wp-content\/uploads\/2020\/09\/logo-siphoniker-1-1.svg","caption":"Hutterer & Lechner GmbH in Himberg"},"image":{"@id":"https:\/\/www.siphoniker.at\/sq\/#\/schema\/logo\/image\/"},"sameAs":["https:\/\/www.facebook.com\/huttererlechnergmbh\/","https:\/\/www.instagram.com\/hl.hutterer.lechner\/","https:\/\/www.linkedin.com\/company\/hutterer-lechner-gmbh\/","https:\/\/www.youtube.com\/channel\/UCoAza_27xat_FyVQWlmBpqw"]}]}},"_links":{"self":[{"href":"https:\/\/www.siphoniker.at\/sq\/wp-json\/wp\/v2\/pages\/4019","targetHints":{"allow":["GET"]}}],"collection":[{"href":"https:\/\/www.siphoniker.at\/sq\/wp-json\/wp\/v2\/pages"}],"about":[{"href":"https:\/\/www.siphoniker.at\/sq\/wp-json\/wp\/v2\/types\/page"}],"author":[{"embeddable":true,"href":"https:\/\/www.siphoniker.at\/sq\/wp-json\/wp\/v2\/users\/4"}],"replies":[{"embeddable":true,"href":"https:\/\/www.siphoniker.at\/sq\/wp-json\/wp\/v2\/comments?post=4019"}],"version-history":[{"count":4,"href":"https:\/\/www.siphoniker.at\/sq\/wp-json\/wp\/v2\/pages\/4019\/revisions"}],"predecessor-version":[{"id":9663,"href":"https:\/\/www.siphoniker.at\/sq\/wp-json\/wp\/v2\/pages\/4019\/revisions\/9663"}],"wp:attachment":[{"href":"https:\/\/www.siphoniker.at\/sq\/wp-json\/wp\/v2\/media?parent=4019"}],"curies":[{"name":"wp","href":"https:\/\/api.w.org\/{rel}","templated":true}]}}