{"id":6118,"date":"2022-10-06T14:16:52","date_gmt":"2022-10-06T12:16:52","guid":{"rendered":"https:\/\/www.siphoniker.at\/?page_id=6118"},"modified":"2025-09-18T11:02:30","modified_gmt":"2025-09-18T09:02:30","slug":"kontakt","status":"publish","type":"page","link":"https:\/\/www.siphoniker.at\/sr\/kontakt\/","title":{"rendered":"Kontakt"},"content":{"rendered":"\t\t<div data-elementor-type=\"wp-page\" data-elementor-id=\"6118\" class=\"elementor elementor-6118 elementor-362\" data-elementor-post-type=\"page\">\n\t\t\t\t<div class=\"elementor-element elementor-element-de61214 e-flex e-con-boxed e-con e-parent\" data-id=\"de61214\" data-element_type=\"container\" data-e-type=\"container\">\n\t\t\t\t\t<div class=\"e-con-inner\">\n\t\t\t\t<div class=\"elementor-element elementor-element-1810e6e elementor-widget elementor-widget-heading\" data-id=\"1810e6e\" data-element_type=\"widget\" data-e-type=\"widget\" data-widget_type=\"heading.default\">\n\t\t\t\t<div class=\"elementor-widget-container\">\n\t\t\t\t\t<h2 class=\"elementor-heading-title elementor-size-default\">Kontakt &amp; Impresum<\/h2>\t\t\t\t<\/div>\n\t\t\t\t<\/div>\n\t\t\t\t<div class=\"elementor-element elementor-element-592d219 elementor-widget__width-initial elementor-widget elementor-widget-text-editor\" data-id=\"592d219\" data-element_type=\"widget\" data-e-type=\"widget\" data-widget_type=\"text-editor.default\">\n\t\t\t\t<div class=\"elementor-widget-container\">\n\t\t\t\t\t\t\t\t\t<p><b>HL Hutterer &amp; Lechner GmbH<\/b><br \/>Head Office \/ Development &amp; Production<\/p><p><b>Christoph Sch\u00fctz<\/b><br \/>Menad\u017ement<br \/>Brauhausgasse 3-5<br \/>A-2325 Himberg<br \/>Austrija<\/p><table><tbody><tr><td>tel<\/td><td>+43 (0)2235 86 291-0<\/td><\/tr><tr><td>fax<\/td><td>+43 (0)2235 86 291-31<\/td><\/tr><tr><td>email<\/td><td><a href=\"mailto:office@hl.at\">office@hl.at<\/a><\/td><\/tr><\/tbody><\/table><h3>Ukoliko imate bilo kakvih pitanja, obratite se na\u0161oj tehni\u010dkoj podr\u0161ci:<\/h3><p><b>Daniel Nagy<\/b><br \/>In\u017eenjer tehni\u010dke podr\u0161ke<\/p><table><tbody><tr><td>tel<\/td><td>+43 (0)2235 87 748<\/td><\/tr><tr><td>fax<\/td><td>+43 (0)2235 86 291-52<\/td><\/tr><tr><td>mobile<\/td><td>+43 (0)664 88 27 56 99<\/td><\/tr><tr><td>email<\/td><td><a href=\"mailto:support@hl.at\">support@hl.at<\/a><\/td><\/tr><\/tbody><\/table><p><b>Zeljko Mutavdzic<\/b><\/p><table><tbody><tr><td>tel<\/td><td>+43 (0)2235 87 748<\/td><\/tr><tr><td>mobile<\/td><td>+43 (0)664 15 18 460<\/td><\/tr><tr><td>email<\/td><td><a href=\"mailto:mutavdzic@hl.at\">mutavdzic@hl.at<\/a><\/td><\/tr><\/tbody><\/table><h3>&#8230; ili direktno va\u0161em regionalnom predstavniku:<\/h3><p><b>Josef Kellner<\/b><br \/>Gebiet Ost: Wien\/Nieder\u00f6sterreich Nord<\/p><table><tbody><tr><td>mobile<\/td><td>+43 (0)664 96 89 054<\/td><\/tr><tr><td>email<\/td><td><a href=\"mailto:kellner@hl.at\">kellner@hl.at<\/a><\/td><\/tr><\/tbody><\/table><p><b>Zeljko Sapina<\/b><br \/>Gebiet Ost: Wien\/N\u00d6 S\u00fcd\/Bgld Mitte&amp;Nord<\/p><table><tbody><tr><td>mobile<\/td><td>+43 (0)664 84 91 240<\/td><\/tr><tr><td>email<\/td><td><a href=\"mailto:sapina@hl.at\">sapina@hl.at<\/a><\/td><\/tr><\/tbody><\/table><p><b>Karl Weninger<\/b><br \/>Gebiet Mitte: Salzburg\/Ober\u00f6sterreich<\/p><table cellspacing=\"0\" cellpadding=\"1\"><tbody><tr><td>mobile<\/td><td>+43 (0)664 22 44 769<\/td><\/tr><tr><td>email<\/td><td><a href=\"mailto:weninger@hl.at\">weninger@hl.at<\/a><\/td><\/tr><\/tbody><\/table><p><b>Achim Neubauer<\/b><br \/>Gebiet West: Tirol\/Vorarlberg\/S\u00fcdtirol<\/p><table><tbody><tr><td>mobile<\/td><td>+43 (0)664 84 91 241<\/td><\/tr><tr><td>email<\/td><td><a href=\"mailto:neubauer@hl.at\">neubauer@hl.at<\/a><\/td><\/tr><\/tbody><\/table><p><b>Mario Steiner<\/b><br \/>Gebiet Ost: Steiermark\/K\u00e4rnten\/Bgld S\u00fcd\/Osttirol<\/p><table><tbody><tr><td>mobile<\/td><td>+43 (0)664 84 91 242<\/td><\/tr><tr><td>email<\/td><td><a href=\"mailto:mario.steiner@hl.at\">mario.steiner@hl.at<\/a><\/td><\/tr><\/tbody><\/table>\t\t\t\t\t\t\t\t<\/div>\n\t\t\t\t<\/div>\n\t\t\t\t\t<\/div>\n\t\t\t\t<\/div>\n\t\t\t\t<\/div>\n\t\t","protected":false},"excerpt":{"rendered":"<p>Kontakt &amp; Impresum HL Hutterer &amp; Lechner GmbHHead Office \/ Development &amp; Production Christoph Sch\u00fctzMenad\u017ementBrauhausgasse 3-5A-2325 HimbergAustrija tel +43 (0)2235 86 291-0 fax +43 (0)2235 86 291-31 email office@hl.at Ukoliko imate bilo kakvih pitanja, obratite se na\u0161oj tehni\u010dkoj podr\u0161ci: Daniel NagyIn\u017eenjer tehni\u010dke podr\u0161ke tel +43 (0)2235 87 748 fax +43 (0)2235 86 291-52 mobile +43 [&hellip;]<\/p>\n","protected":false},"author":15,"featured_media":0,"parent":0,"menu_order":0,"comment_status":"closed","ping_status":"closed","template":"","meta":{"_acf_changed":false,"footnotes":""},"class_list":["post-6118","page","type-page","status-publish","hentry"],"acf":[],"yoast_head":"<!-- This site is optimized with the Yoast SEO plugin v27.1.1 - https:\/\/yoast.com\/product\/yoast-seo-wordpress\/ -->\n<title>Kontakt - Siphoniker-Blog, HL Hutterer &amp; Lechner GmbH in Himberg<\/title>\n<meta name=\"description\" content=\"Kontakt &amp; Impresum HL Hutterer &amp; Lechner GmbHHead Office \/ Development &amp; ProductionChristoph Sch\u00fctzMenad\u017ementBrauhausgasse 3-5A-2325\" \/>\n<meta name=\"robots\" content=\"index, follow, max-snippet:-1, max-image-preview:large, max-video-preview:-1\" \/>\n<link rel=\"canonical\" href=\"https:\/\/www.siphoniker.at\/sr\/kontakt\/\" \/>\n<meta property=\"og:locale\" content=\"sr_RS\" \/>\n<meta property=\"og:type\" content=\"article\" \/>\n<meta property=\"og:title\" content=\"Kontakt - Siphoniker-Blog, HL Hutterer &amp; Lechner GmbH in Himberg\" \/>\n<meta property=\"og:description\" content=\"Kontakt &amp; Impresum HL Hutterer &amp; Lechner GmbHHead Office \/ Development &amp; ProductionChristoph Sch\u00fctzMenad\u017ementBrauhausgasse 3-5A-2325\" \/>\n<meta property=\"og:url\" content=\"https:\/\/www.siphoniker.at\/sr\/kontakt\/\" \/>\n<meta property=\"og:site_name\" content=\"Siphoniker-Blog, HL Hutterer &amp; Lechner GmbH in Himberg\" \/>\n<meta property=\"article:publisher\" content=\"https:\/\/www.facebook.com\/huttererlechnergmbh\/\" \/>\n<meta property=\"article:modified_time\" content=\"2025-09-18T09:02:30+00:00\" \/>\n<meta name=\"twitter:card\" content=\"summary_large_image\" \/>\n<meta name=\"twitter:label1\" content=\"\u041f\u0440\u043e\u0446\u0435\u045a\u0435\u043d\u043e \u0432\u0440\u0435\u043c\u0435 \u0447\u0438\u0442\u0430\u045a\u0430\" \/>\n\t<meta name=\"twitter:data1\" content=\"1 \u043c\u0438\u043d\u0443\u0442\" \/>\n<script type=\"application\/ld+json\" class=\"yoast-schema-graph\">{\"@context\":\"https:\/\/schema.org\",\"@graph\":[{\"@type\":\"WebPage\",\"@id\":\"https:\/\/www.siphoniker.at\/sr\/kontakt\/\",\"url\":\"https:\/\/www.siphoniker.at\/sr\/kontakt\/\",\"name\":\"Kontakt - Siphoniker-Blog, HL Hutterer &amp; Lechner GmbH in Himberg\",\"isPartOf\":{\"@id\":\"https:\/\/www.siphoniker.at\/sr\/#website\"},\"datePublished\":\"2022-10-06T12:16:52+00:00\",\"dateModified\":\"2025-09-18T09:02:30+00:00\",\"description\":\"Kontakt &amp; Impresum HL Hutterer &amp; Lechner GmbHHead Office \/ Development &amp; ProductionChristoph Sch\u00fctzMenad\u017ementBrauhausgasse 3-5A-2325\",\"breadcrumb\":{\"@id\":\"https:\/\/www.siphoniker.at\/sr\/kontakt\/#breadcrumb\"},\"inLanguage\":\"sr-RS\",\"potentialAction\":[{\"@type\":\"ReadAction\",\"target\":[\"https:\/\/www.siphoniker.at\/sr\/kontakt\/\"]}]},{\"@type\":\"BreadcrumbList\",\"@id\":\"https:\/\/www.siphoniker.at\/sr\/kontakt\/#breadcrumb\",\"itemListElement\":[{\"@type\":\"ListItem\",\"position\":1,\"name\":\"Startseite\",\"item\":\"https:\/\/www.siphoniker.at\/sr\/\"},{\"@type\":\"ListItem\",\"position\":2,\"name\":\"Kontakt\"}]},{\"@type\":\"WebSite\",\"@id\":\"https:\/\/www.siphoniker.at\/sr\/#website\",\"url\":\"https:\/\/www.siphoniker.at\/sr\/\",\"name\":\"HL Siphoniker-Blog\",\"description\":\"Kompetenz f\u00fcr perfekte Kompositionen - verfasst von Profis f\u00fcr Profis\",\"publisher\":{\"@id\":\"https:\/\/www.siphoniker.at\/sr\/#organization\"},\"potentialAction\":[{\"@type\":\"SearchAction\",\"target\":{\"@type\":\"EntryPoint\",\"urlTemplate\":\"https:\/\/www.siphoniker.at\/sr\/?s={search_term_string}\"},\"query-input\":{\"@type\":\"PropertyValueSpecification\",\"valueRequired\":true,\"valueName\":\"search_term_string\"}}],\"inLanguage\":\"sr-RS\"},{\"@type\":\"Organization\",\"@id\":\"https:\/\/www.siphoniker.at\/sr\/#organization\",\"name\":\"Hutterer & Lechner GmbH in Himberg\",\"url\":\"https:\/\/www.siphoniker.at\/sr\/\",\"logo\":{\"@type\":\"ImageObject\",\"inLanguage\":\"sr-RS\",\"@id\":\"https:\/\/www.siphoniker.at\/sr\/#\/schema\/logo\/image\/\",\"url\":\"https:\/\/www.siphoniker.at\/wp-content\/uploads\/2020\/09\/logo-siphoniker-1-1.svg\",\"contentUrl\":\"https:\/\/www.siphoniker.at\/wp-content\/uploads\/2020\/09\/logo-siphoniker-1-1.svg\",\"caption\":\"Hutterer & Lechner GmbH in Himberg\"},\"image\":{\"@id\":\"https:\/\/www.siphoniker.at\/sr\/#\/schema\/logo\/image\/\"},\"sameAs\":[\"https:\/\/www.facebook.com\/huttererlechnergmbh\/\",\"https:\/\/www.instagram.com\/hl.hutterer.lechner\/\",\"https:\/\/www.linkedin.com\/company\/hutterer-lechner-gmbh\/\",\"https:\/\/www.youtube.com\/channel\/UCoAza_27xat_FyVQWlmBpqw\"]}]}<\/script>\n<!-- \/ Yoast SEO plugin. -->","yoast_head_json":{"title":"Kontakt - Siphoniker-Blog, HL Hutterer &amp; Lechner GmbH in Himberg","description":"Kontakt &amp; Impresum HL Hutterer &amp; Lechner GmbHHead Office \/ Development &amp; ProductionChristoph Sch\u00fctzMenad\u017ementBrauhausgasse 3-5A-2325","robots":{"index":"index","follow":"follow","max-snippet":"max-snippet:-1","max-image-preview":"max-image-preview:large","max-video-preview":"max-video-preview:-1"},"canonical":"https:\/\/www.siphoniker.at\/sr\/kontakt\/","og_locale":"sr_RS","og_type":"article","og_title":"Kontakt - Siphoniker-Blog, HL Hutterer &amp; Lechner GmbH in Himberg","og_description":"Kontakt &amp; Impresum HL Hutterer &amp; Lechner GmbHHead Office \/ Development &amp; ProductionChristoph Sch\u00fctzMenad\u017ementBrauhausgasse 3-5A-2325","og_url":"https:\/\/www.siphoniker.at\/sr\/kontakt\/","og_site_name":"Siphoniker-Blog, HL Hutterer &amp; Lechner GmbH in Himberg","article_publisher":"https:\/\/www.facebook.com\/huttererlechnergmbh\/","article_modified_time":"2025-09-18T09:02:30+00:00","twitter_card":"summary_large_image","twitter_misc":{"\u041f\u0440\u043e\u0446\u0435\u045a\u0435\u043d\u043e \u0432\u0440\u0435\u043c\u0435 \u0447\u0438\u0442\u0430\u045a\u0430":"1 \u043c\u0438\u043d\u0443\u0442"},"schema":{"@context":"https:\/\/schema.org","@graph":[{"@type":"WebPage","@id":"https:\/\/www.siphoniker.at\/sr\/kontakt\/","url":"https:\/\/www.siphoniker.at\/sr\/kontakt\/","name":"Kontakt - Siphoniker-Blog, HL Hutterer &amp; Lechner GmbH in Himberg","isPartOf":{"@id":"https:\/\/www.siphoniker.at\/sr\/#website"},"datePublished":"2022-10-06T12:16:52+00:00","dateModified":"2025-09-18T09:02:30+00:00","description":"Kontakt &amp; Impresum HL Hutterer &amp; Lechner GmbHHead Office \/ Development &amp; ProductionChristoph Sch\u00fctzMenad\u017ementBrauhausgasse 3-5A-2325","breadcrumb":{"@id":"https:\/\/www.siphoniker.at\/sr\/kontakt\/#breadcrumb"},"inLanguage":"sr-RS","potentialAction":[{"@type":"ReadAction","target":["https:\/\/www.siphoniker.at\/sr\/kontakt\/"]}]},{"@type":"BreadcrumbList","@id":"https:\/\/www.siphoniker.at\/sr\/kontakt\/#breadcrumb","itemListElement":[{"@type":"ListItem","position":1,"name":"Startseite","item":"https:\/\/www.siphoniker.at\/sr\/"},{"@type":"ListItem","position":2,"name":"Kontakt"}]},{"@type":"WebSite","@id":"https:\/\/www.siphoniker.at\/sr\/#website","url":"https:\/\/www.siphoniker.at\/sr\/","name":"HL Siphoniker-Blog","description":"Kompetenz f\u00fcr perfekte Kompositionen - verfasst von Profis f\u00fcr Profis","publisher":{"@id":"https:\/\/www.siphoniker.at\/sr\/#organization"},"potentialAction":[{"@type":"SearchAction","target":{"@type":"EntryPoint","urlTemplate":"https:\/\/www.siphoniker.at\/sr\/?s={search_term_string}"},"query-input":{"@type":"PropertyValueSpecification","valueRequired":true,"valueName":"search_term_string"}}],"inLanguage":"sr-RS"},{"@type":"Organization","@id":"https:\/\/www.siphoniker.at\/sr\/#organization","name":"Hutterer & Lechner GmbH in Himberg","url":"https:\/\/www.siphoniker.at\/sr\/","logo":{"@type":"ImageObject","inLanguage":"sr-RS","@id":"https:\/\/www.siphoniker.at\/sr\/#\/schema\/logo\/image\/","url":"https:\/\/www.siphoniker.at\/wp-content\/uploads\/2020\/09\/logo-siphoniker-1-1.svg","contentUrl":"https:\/\/www.siphoniker.at\/wp-content\/uploads\/2020\/09\/logo-siphoniker-1-1.svg","caption":"Hutterer & Lechner GmbH in Himberg"},"image":{"@id":"https:\/\/www.siphoniker.at\/sr\/#\/schema\/logo\/image\/"},"sameAs":["https:\/\/www.facebook.com\/huttererlechnergmbh\/","https:\/\/www.instagram.com\/hl.hutterer.lechner\/","https:\/\/www.linkedin.com\/company\/hutterer-lechner-gmbh\/","https:\/\/www.youtube.com\/channel\/UCoAza_27xat_FyVQWlmBpqw"]}]}},"_links":{"self":[{"href":"https:\/\/www.siphoniker.at\/sr\/wp-json\/wp\/v2\/pages\/6118","targetHints":{"allow":["GET"]}}],"collection":[{"href":"https:\/\/www.siphoniker.at\/sr\/wp-json\/wp\/v2\/pages"}],"about":[{"href":"https:\/\/www.siphoniker.at\/sr\/wp-json\/wp\/v2\/types\/page"}],"author":[{"embeddable":true,"href":"https:\/\/www.siphoniker.at\/sr\/wp-json\/wp\/v2\/users\/15"}],"replies":[{"embeddable":true,"href":"https:\/\/www.siphoniker.at\/sr\/wp-json\/wp\/v2\/comments?post=6118"}],"version-history":[{"count":4,"href":"https:\/\/www.siphoniker.at\/sr\/wp-json\/wp\/v2\/pages\/6118\/revisions"}],"predecessor-version":[{"id":7549,"href":"https:\/\/www.siphoniker.at\/sr\/wp-json\/wp\/v2\/pages\/6118\/revisions\/7549"}],"wp:attachment":[{"href":"https:\/\/www.siphoniker.at\/sr\/wp-json\/wp\/v2\/media?parent=6118"}],"curies":[{"name":"wp","href":"https:\/\/api.w.org\/{rel}","templated":true}]}}