{"id":4029,"date":"2022-10-06T14:16:45","date_gmt":"2022-10-06T12:16:45","guid":{"rendered":"https:\/\/www.siphoniker.at\/hakkimizda\/"},"modified":"2026-04-10T14:48:36","modified_gmt":"2026-04-10T12:48:36","slug":"hakkimizda","status":"publish","type":"page","link":"https:\/\/www.siphoniker.at\/tr\/hakkimizda\/","title":{"rendered":"Hakk\u0131m\u0131zda"},"content":{"rendered":"\t\t<div data-elementor-type=\"wp-page\" data-elementor-id=\"4029\" class=\"elementor elementor-4029 elementor-360\" data-elementor-post-type=\"page\">\n\t\t\t\t<div class=\"elementor-element elementor-element-ab2d596 e-flex e-con-boxed e-con e-parent\" data-id=\"ab2d596\" data-element_type=\"container\" data-e-type=\"container\">\n\t\t\t\t\t<div class=\"e-con-inner\">\n\t\t<div class=\"elementor-element elementor-element-68993ce e-con-full e-flex e-con e-child\" data-id=\"68993ce\" data-element_type=\"container\" data-e-type=\"container\" data-settings=\"{&quot;background_background&quot;:&quot;classic&quot;}\">\n\t\t\t\t<\/div>\n\t\t<div class=\"elementor-element elementor-element-7e69fb7 e-con-full e-flex e-con e-child\" data-id=\"7e69fb7\" data-element_type=\"container\" data-e-type=\"container\">\n\t\t\t\t<div class=\"elementor-element elementor-element-adc25c7 elementor-widget elementor-widget-heading\" data-id=\"adc25c7\" data-element_type=\"widget\" data-e-type=\"widget\" data-widget_type=\"heading.default\">\n\t\t\t\t<div class=\"elementor-widget-container\">\n\t\t\t\t\t<h2 class=\"elementor-heading-title elementor-size-default\">Sifoniler olu\u015fturuyoruz<\/h2>\t\t\t\t<\/div>\n\t\t\t\t<\/div>\n\t\t\t\t<div class=\"elementor-element elementor-element-67b9d33 elementor-widget elementor-widget-text-editor\" data-id=\"67b9d33\" data-element_type=\"widget\" data-e-type=\"widget\" data-widget_type=\"text-editor.default\">\n\t\t\t\t<div class=\"elementor-widget-container\">\n\t\t\t\t\t\t\t\t\t<p>Drenaj s\u00f6z konusu oldu\u011funda harmoniyi seviyoruz! \u0130\u015fte bu y\u00fczden plastik s\u00fczge\u00e7ler, sifonlar ve tesisat ba\u011flant\u0131 par\u00e7alar\u0131n\u0131n lider \u00fcreticisi olarak, k\u00fc\u00e7\u00fck detaylar\u0131n nas\u0131l b\u00fcy\u00fck de\u011fi\u015fikliklere yol a\u00e7abilece\u011fi \u00fczerine her g\u00fcn \u00e7al\u0131\u015f\u0131yoruz. Tesisat\u00e7\u0131lar, dizaync\u0131lar, mimarlar ve son kullan\u0131c\u0131 i\u00e7in sa\u011fl\u0131kl\u0131 ve uzun \u00f6m\u00fcrl\u00fc \u00e7\u00f6z\u00fcmler sunuyoruz. <\/p><p>Hevesli sifonistler olarak bilgi,birikim ve deneyim al\u0131\u015fveri\u015fi yapmak istiyoruz! Bu sayede projeciler, mimarlar ve in\u015faat firmalar\u0131 ile m\u00fckemmel bir orkestra olu\u015fturup son kullan\u0131c\u0131ya birlikte ilham veriyoruz.  <\/p>\t\t\t\t\t\t\t\t<\/div>\n\t\t\t\t<\/div>\n\t\t\t\t<\/div>\n\t\t\t\t\t<\/div>\n\t\t\t\t<\/div>\n\t\t<div class=\"elementor-element elementor-element-1464b80 e-flex e-con-boxed e-con e-parent\" data-id=\"1464b80\" data-element_type=\"container\" data-e-type=\"container\" id=\"club\">\n\t\t\t\t\t<div class=\"e-con-inner\">\n\t\t\t\t<div class=\"elementor-element elementor-element-df754cf elementor-widget elementor-widget-heading\" data-id=\"df754cf\" data-element_type=\"widget\" data-e-type=\"widget\" data-widget_type=\"heading.default\">\n\t\t\t\t<div class=\"elementor-widget-container\">\n\t\t\t\t\t<h2 class=\"elementor-heading-title elementor-size-default\">Sizin de sifonist olman\u0131z\u0131 sab\u0131rs\u0131zl\u0131kla bekliyoruz.<\/h2>\t\t\t\t<\/div>\n\t\t\t\t<\/div>\n\t\t\t\t<div class=\"elementor-element elementor-element-17cfc21 elementor-widget__width-initial elementor-widget elementor-widget-template\" data-id=\"17cfc21\" data-element_type=\"widget\" data-e-type=\"widget\" data-widget_type=\"template.default\">\n\t\t\t\t<div class=\"elementor-widget-container\">\n\t\t\t\t\t\t\t<div class=\"elementor-template\">\n\t\t\t\t\t<div data-elementor-type=\"container\" data-elementor-id=\"4082\" class=\"elementor elementor-4082 elementor-459\" data-elementor-post-type=\"elementor_library\">\n\t\t\t\t<div class=\"elementor-element elementor-element-8fe643e e-flex e-con-boxed e-con e-parent\" data-id=\"8fe643e\" data-element_type=\"container\" data-e-type=\"container\">\n\t\t\t\t\t<div class=\"e-con-inner\">\n\t\t\t\t<div class=\"elementor-element elementor-element-8a95c3a elementor-widget-divider--view-line_text elementor-widget-divider--element-align-center elementor-widget elementor-widget-divider\" data-id=\"8a95c3a\" data-element_type=\"widget\" data-e-type=\"widget\" data-widget_type=\"divider.default\">\n\t\t\t\t<div class=\"elementor-widget-container\">\n\t\t\t\t\t\t\t<div class=\"elementor-divider\">\n\t\t\t<span class=\"elementor-divider-separator\">\n\t\t\t\t\t\t\t<span class=\"elementor-divider__text elementor-divider__element\">\n\t\t\t\tB\u00fclten\t\t\t\t<\/span>\n\t\t\t\t\t\t<\/span>\n\t\t<\/div>\n\t\t\t\t\t\t<\/div>\n\t\t\t\t<\/div>\n\t\t\t\t<div class=\"elementor-element elementor-element-efad312 elementor-widget elementor-widget-heading\" data-id=\"efad312\" data-element_type=\"widget\" data-e-type=\"widget\" data-widget_type=\"heading.default\">\n\t\t\t\t<div class=\"elementor-widget-container\">\n\t\t\t\t\t<h4 class=\"elementor-heading-title elementor-size-default\">Evet, ben de bir sifonist olmak istiyorum<\/h4>\t\t\t\t<\/div>\n\t\t\t\t<\/div>\n\t\t\t\t<div class=\"elementor-element elementor-element-3e8ad52 elementor-widget elementor-widget-text-editor\" data-id=\"3e8ad52\" data-element_type=\"widget\" data-e-type=\"widget\" data-widget_type=\"text-editor.default\">\n\t\t\t\t<div class=\"elementor-widget-container\">\n\t\t\t\t\t\t\t\t\tYeni b\u00fcltenden ve bilgilerden haberdar olmak i\u00e7in b\u00fcltene \u00fccretsiz abone olmak istiyorum.\t\t\t\t\t\t\t\t<\/div>\n\t\t\t\t<\/div>\n\t\t\t\t<div class=\"elementor-element elementor-element-9f72d87 elementor-button-align-stretch elementor-widget elementor-widget-form\" data-id=\"9f72d87\" data-element_type=\"widget\" data-e-type=\"widget\" data-settings=\"{&quot;step_next_label&quot;:&quot;Sonraki&quot;,&quot;step_previous_label&quot;:&quot;\\u00d6ncesi&quot;,&quot;button_width&quot;:&quot;100&quot;,&quot;step_type&quot;:&quot;number_text&quot;,&quot;step_icon_shape&quot;:&quot;circle&quot;}\" data-widget_type=\"form.default\">\n\t\t\t\t<div class=\"elementor-widget-container\">\n\t\t\t\t\t\t\t<form class=\"elementor-form\" method=\"post\" name=\"Yeni form\" aria-label=\"Yeni form\">\n\t\t\t<input type=\"hidden\" name=\"post_id\" value=\"4082\"\/>\n\t\t\t<input type=\"hidden\" name=\"form_id\" value=\"9f72d87\"\/>\n\t\t\t<input type=\"hidden\" name=\"referer_title\" value=\"Yeni EN 1253: Yer s\u00fczge\u00e7leri ve koku tutucular i\u00e7in net d\u00fczenlemeler - Siphoniker-Blog, HL Hutterer &amp; Lechner GmbH in Himberg\" \/>\n\n\t\t\t\t\t\t\t<input type=\"hidden\" name=\"queried_id\" value=\"6207\"\/>\n\t\t\t\n\t\t\t<div class=\"elementor-form-fields-wrapper elementor-labels-\">\n\t\t\t\t\t\t\t\t<div class=\"elementor-field-type-text elementor-field-group elementor-column elementor-field-group-name elementor-col-100\">\n\t\t\t\t\t\t\t\t\t\t\t\t<label for=\"form-field-name\" class=\"elementor-field-label elementor-screen-only\">\n\t\t\t\t\t\t\t\tIsim\t\t\t\t\t\t\t<\/label>\n\t\t\t\t\t\t\t\t\t\t\t\t\t\t<input size=\"1\" type=\"text\" name=\"form_fields[name]\" id=\"form-field-name\" class=\"elementor-field elementor-size-xs  elementor-field-textual\" placeholder=\"Isim\">\n\t\t\t\t\t\t\t\t\t\t\t<\/div>\n\t\t\t\t\t\t\t\t<div class=\"elementor-field-type-email elementor-field-group elementor-column elementor-field-group-email elementor-col-100 elementor-field-required\">\n\t\t\t\t\t\t\t\t\t\t\t\t<label for=\"form-field-email\" class=\"elementor-field-label elementor-screen-only\">\n\t\t\t\t\t\t\t\tE-Mail\t\t\t\t\t\t\t<\/label>\n\t\t\t\t\t\t\t\t\t\t\t\t\t\t<input size=\"1\" type=\"email\" name=\"form_fields[email]\" id=\"form-field-email\" class=\"elementor-field elementor-size-xs  elementor-field-textual\" placeholder=\"E-Mail\" required=\"required\">\n\t\t\t\t\t\t\t\t\t\t\t<\/div>\n\t\t\t\t\t\t\t\t<div class=\"elementor-field-group elementor-column elementor-field-type-submit elementor-col-100 e-form__buttons\">\n\t\t\t\t\t<button class=\"elementor-button elementor-size-sm\" type=\"submit\">\n\t\t\t\t\t\t<span class=\"elementor-button-content-wrapper\">\n\t\t\t\t\t\t\t\t\t\t\t\t\t\t\t\t\t\t\t\t\t\t<span class=\"elementor-button-text\">G\u00f6nder<\/span>\n\t\t\t\t\t\t\t\t\t\t\t\t\t<\/span>\n\t\t\t\t\t<\/button>\n\t\t\t\t<\/div>\n\t\t\t<\/div>\n\t\t<\/form>\n\t\t\t\t\t\t<\/div>\n\t\t\t\t<\/div>\n\t\t\t\t\t<\/div>\n\t\t\t\t<\/div>\n\t\t\t\t<\/div>\n\t\t\t\t<\/div>\n\t\t\t\t\t\t<\/div>\n\t\t\t\t<\/div>\n\t\t\t\t\t<\/div>\n\t\t\t\t<\/div>\n\t\t\t\t<\/div>\n\t\t","protected":false},"excerpt":{"rendered":"<p>Sifoniler olu\u015fturuyoruz Drenaj s\u00f6z konusu oldu\u011funda harmoniyi seviyoruz! \u0130\u015fte bu y\u00fczden plastik s\u00fczge\u00e7ler, sifonlar ve tesisat ba\u011flant\u0131 par\u00e7alar\u0131n\u0131n lider \u00fcreticisi olarak, k\u00fc\u00e7\u00fck detaylar\u0131n nas\u0131l b\u00fcy\u00fck de\u011fi\u015fikliklere yol a\u00e7abilece\u011fi \u00fczerine her g\u00fcn \u00e7al\u0131\u015f\u0131yoruz. Tesisat\u00e7\u0131lar, dizaync\u0131lar, mimarlar ve son kullan\u0131c\u0131 i\u00e7in sa\u011fl\u0131kl\u0131 ve uzun \u00f6m\u00fcrl\u00fc \u00e7\u00f6z\u00fcmler sunuyoruz. Hevesli sifonistler olarak bilgi,birikim ve deneyim al\u0131\u015fveri\u015fi yapmak istiyoruz! Bu [&hellip;]<\/p>\n","protected":false},"author":4,"featured_media":0,"parent":0,"menu_order":0,"comment_status":"closed","ping_status":"closed","template":"","meta":{"_acf_changed":false,"footnotes":""},"class_list":["post-4029","page","type-page","status-publish","hentry"],"acf":[],"yoast_head":"<!-- This site is optimized with the Yoast SEO plugin v27.1.1 - https:\/\/yoast.com\/product\/yoast-seo-wordpress\/ -->\n<title>Hakk\u0131m\u0131zda - Siphoniker-Blog, HL Hutterer &amp; Lechner GmbH in Himberg<\/title>\n<meta name=\"description\" content=\"Sifoniler olu\u015fturuyoruz Drenaj s\u00f6z konusu oldu\u011funda harmoniyi seviyoruz! \u0130\u015fte bu y\u00fczden plastik s\u00fczge\u00e7ler, sifonlar ve tesisat ba\u011flant\u0131 par\u00e7alar\u0131n\u0131n lider\" \/>\n<meta name=\"robots\" content=\"index, follow, max-snippet:-1, max-image-preview:large, max-video-preview:-1\" \/>\n<link rel=\"canonical\" href=\"https:\/\/www.siphoniker.at\/tr\/hakkimizda\/\" \/>\n<meta property=\"og:locale\" content=\"tr_TR\" \/>\n<meta property=\"og:type\" content=\"article\" \/>\n<meta property=\"og:title\" content=\"Hakk\u0131m\u0131zda - Siphoniker-Blog, HL Hutterer &amp; Lechner GmbH in Himberg\" \/>\n<meta property=\"og:description\" content=\"Sifoniler olu\u015fturuyoruz Drenaj s\u00f6z konusu oldu\u011funda harmoniyi seviyoruz! \u0130\u015fte bu y\u00fczden plastik s\u00fczge\u00e7ler, sifonlar ve tesisat ba\u011flant\u0131 par\u00e7alar\u0131n\u0131n lider\" \/>\n<meta property=\"og:url\" content=\"https:\/\/www.siphoniker.at\/tr\/hakkimizda\/\" \/>\n<meta property=\"og:site_name\" content=\"Siphoniker-Blog, HL Hutterer &amp; Lechner GmbH in Himberg\" \/>\n<meta property=\"article:publisher\" content=\"https:\/\/www.facebook.com\/huttererlechnergmbh\/\" \/>\n<meta property=\"article:modified_time\" content=\"2026-04-10T12:48:36+00:00\" \/>\n<meta name=\"twitter:card\" content=\"summary_large_image\" \/>\n<meta name=\"twitter:label1\" content=\"Tahmini okuma s\u00fcresi\" \/>\n\t<meta name=\"twitter:data1\" content=\"1 dakika\" \/>\n<script type=\"application\/ld+json\" class=\"yoast-schema-graph\">{\"@context\":\"https:\/\/schema.org\",\"@graph\":[{\"@type\":\"WebPage\",\"@id\":\"https:\/\/www.siphoniker.at\/tr\/hakkimizda\/\",\"url\":\"https:\/\/www.siphoniker.at\/tr\/hakkimizda\/\",\"name\":\"Hakk\u0131m\u0131zda - Siphoniker-Blog, HL Hutterer &amp; Lechner GmbH in Himberg\",\"isPartOf\":{\"@id\":\"https:\/\/www.siphoniker.at\/tr\/#website\"},\"datePublished\":\"2022-10-06T12:16:45+00:00\",\"dateModified\":\"2026-04-10T12:48:36+00:00\",\"description\":\"Sifoniler olu\u015fturuyoruz Drenaj s\u00f6z konusu oldu\u011funda harmoniyi seviyoruz! \u0130\u015fte bu y\u00fczden plastik s\u00fczge\u00e7ler, sifonlar ve tesisat ba\u011flant\u0131 par\u00e7alar\u0131n\u0131n lider\",\"breadcrumb\":{\"@id\":\"https:\/\/www.siphoniker.at\/tr\/hakkimizda\/#breadcrumb\"},\"inLanguage\":\"tr\",\"potentialAction\":[{\"@type\":\"ReadAction\",\"target\":[\"https:\/\/www.siphoniker.at\/tr\/hakkimizda\/\"]}]},{\"@type\":\"BreadcrumbList\",\"@id\":\"https:\/\/www.siphoniker.at\/tr\/hakkimizda\/#breadcrumb\",\"itemListElement\":[{\"@type\":\"ListItem\",\"position\":1,\"name\":\"Startseite\",\"item\":\"https:\/\/www.siphoniker.at\/tr\/\"},{\"@type\":\"ListItem\",\"position\":2,\"name\":\"Hakk\u0131m\u0131zda\"}]},{\"@type\":\"WebSite\",\"@id\":\"https:\/\/www.siphoniker.at\/tr\/#website\",\"url\":\"https:\/\/www.siphoniker.at\/tr\/\",\"name\":\"HL Siphoniker-Blog\",\"description\":\"Kompetenz f\u00fcr perfekte Kompositionen - verfasst von Profis f\u00fcr Profis\",\"publisher\":{\"@id\":\"https:\/\/www.siphoniker.at\/tr\/#organization\"},\"potentialAction\":[{\"@type\":\"SearchAction\",\"target\":{\"@type\":\"EntryPoint\",\"urlTemplate\":\"https:\/\/www.siphoniker.at\/tr\/?s={search_term_string}\"},\"query-input\":{\"@type\":\"PropertyValueSpecification\",\"valueRequired\":true,\"valueName\":\"search_term_string\"}}],\"inLanguage\":\"tr\"},{\"@type\":\"Organization\",\"@id\":\"https:\/\/www.siphoniker.at\/tr\/#organization\",\"name\":\"Hutterer & Lechner GmbH in Himberg\",\"url\":\"https:\/\/www.siphoniker.at\/tr\/\",\"logo\":{\"@type\":\"ImageObject\",\"inLanguage\":\"tr\",\"@id\":\"https:\/\/www.siphoniker.at\/tr\/#\/schema\/logo\/image\/\",\"url\":\"https:\/\/www.siphoniker.at\/wp-content\/uploads\/2020\/09\/logo-siphoniker-1-1.svg\",\"contentUrl\":\"https:\/\/www.siphoniker.at\/wp-content\/uploads\/2020\/09\/logo-siphoniker-1-1.svg\",\"caption\":\"Hutterer & Lechner GmbH in Himberg\"},\"image\":{\"@id\":\"https:\/\/www.siphoniker.at\/tr\/#\/schema\/logo\/image\/\"},\"sameAs\":[\"https:\/\/www.facebook.com\/huttererlechnergmbh\/\",\"https:\/\/www.instagram.com\/hl.hutterer.lechner\/\",\"https:\/\/www.linkedin.com\/company\/hutterer-lechner-gmbh\/\",\"https:\/\/www.youtube.com\/channel\/UCoAza_27xat_FyVQWlmBpqw\"]}]}<\/script>\n<!-- \/ Yoast SEO plugin. -->","yoast_head_json":{"title":"Hakk\u0131m\u0131zda - Siphoniker-Blog, HL Hutterer &amp; Lechner GmbH in Himberg","description":"Sifoniler olu\u015fturuyoruz Drenaj s\u00f6z konusu oldu\u011funda harmoniyi seviyoruz! \u0130\u015fte bu y\u00fczden plastik s\u00fczge\u00e7ler, sifonlar ve tesisat ba\u011flant\u0131 par\u00e7alar\u0131n\u0131n lider","robots":{"index":"index","follow":"follow","max-snippet":"max-snippet:-1","max-image-preview":"max-image-preview:large","max-video-preview":"max-video-preview:-1"},"canonical":"https:\/\/www.siphoniker.at\/tr\/hakkimizda\/","og_locale":"tr_TR","og_type":"article","og_title":"Hakk\u0131m\u0131zda - Siphoniker-Blog, HL Hutterer &amp; Lechner GmbH in Himberg","og_description":"Sifoniler olu\u015fturuyoruz Drenaj s\u00f6z konusu oldu\u011funda harmoniyi seviyoruz! \u0130\u015fte bu y\u00fczden plastik s\u00fczge\u00e7ler, sifonlar ve tesisat ba\u011flant\u0131 par\u00e7alar\u0131n\u0131n lider","og_url":"https:\/\/www.siphoniker.at\/tr\/hakkimizda\/","og_site_name":"Siphoniker-Blog, HL Hutterer &amp; Lechner GmbH in Himberg","article_publisher":"https:\/\/www.facebook.com\/huttererlechnergmbh\/","article_modified_time":"2026-04-10T12:48:36+00:00","twitter_card":"summary_large_image","twitter_misc":{"Tahmini okuma s\u00fcresi":"1 dakika"},"schema":{"@context":"https:\/\/schema.org","@graph":[{"@type":"WebPage","@id":"https:\/\/www.siphoniker.at\/tr\/hakkimizda\/","url":"https:\/\/www.siphoniker.at\/tr\/hakkimizda\/","name":"Hakk\u0131m\u0131zda - Siphoniker-Blog, HL Hutterer &amp; Lechner GmbH in Himberg","isPartOf":{"@id":"https:\/\/www.siphoniker.at\/tr\/#website"},"datePublished":"2022-10-06T12:16:45+00:00","dateModified":"2026-04-10T12:48:36+00:00","description":"Sifoniler olu\u015fturuyoruz Drenaj s\u00f6z konusu oldu\u011funda harmoniyi seviyoruz! \u0130\u015fte bu y\u00fczden plastik s\u00fczge\u00e7ler, sifonlar ve tesisat ba\u011flant\u0131 par\u00e7alar\u0131n\u0131n lider","breadcrumb":{"@id":"https:\/\/www.siphoniker.at\/tr\/hakkimizda\/#breadcrumb"},"inLanguage":"tr","potentialAction":[{"@type":"ReadAction","target":["https:\/\/www.siphoniker.at\/tr\/hakkimizda\/"]}]},{"@type":"BreadcrumbList","@id":"https:\/\/www.siphoniker.at\/tr\/hakkimizda\/#breadcrumb","itemListElement":[{"@type":"ListItem","position":1,"name":"Startseite","item":"https:\/\/www.siphoniker.at\/tr\/"},{"@type":"ListItem","position":2,"name":"Hakk\u0131m\u0131zda"}]},{"@type":"WebSite","@id":"https:\/\/www.siphoniker.at\/tr\/#website","url":"https:\/\/www.siphoniker.at\/tr\/","name":"HL Siphoniker-Blog","description":"Kompetenz f\u00fcr perfekte Kompositionen - verfasst von Profis f\u00fcr Profis","publisher":{"@id":"https:\/\/www.siphoniker.at\/tr\/#organization"},"potentialAction":[{"@type":"SearchAction","target":{"@type":"EntryPoint","urlTemplate":"https:\/\/www.siphoniker.at\/tr\/?s={search_term_string}"},"query-input":{"@type":"PropertyValueSpecification","valueRequired":true,"valueName":"search_term_string"}}],"inLanguage":"tr"},{"@type":"Organization","@id":"https:\/\/www.siphoniker.at\/tr\/#organization","name":"Hutterer & Lechner GmbH in Himberg","url":"https:\/\/www.siphoniker.at\/tr\/","logo":{"@type":"ImageObject","inLanguage":"tr","@id":"https:\/\/www.siphoniker.at\/tr\/#\/schema\/logo\/image\/","url":"https:\/\/www.siphoniker.at\/wp-content\/uploads\/2020\/09\/logo-siphoniker-1-1.svg","contentUrl":"https:\/\/www.siphoniker.at\/wp-content\/uploads\/2020\/09\/logo-siphoniker-1-1.svg","caption":"Hutterer & Lechner GmbH in Himberg"},"image":{"@id":"https:\/\/www.siphoniker.at\/tr\/#\/schema\/logo\/image\/"},"sameAs":["https:\/\/www.facebook.com\/huttererlechnergmbh\/","https:\/\/www.instagram.com\/hl.hutterer.lechner\/","https:\/\/www.linkedin.com\/company\/hutterer-lechner-gmbh\/","https:\/\/www.youtube.com\/channel\/UCoAza_27xat_FyVQWlmBpqw"]}]}},"_links":{"self":[{"href":"https:\/\/www.siphoniker.at\/tr\/wp-json\/wp\/v2\/pages\/4029","targetHints":{"allow":["GET"]}}],"collection":[{"href":"https:\/\/www.siphoniker.at\/tr\/wp-json\/wp\/v2\/pages"}],"about":[{"href":"https:\/\/www.siphoniker.at\/tr\/wp-json\/wp\/v2\/types\/page"}],"author":[{"embeddable":true,"href":"https:\/\/www.siphoniker.at\/tr\/wp-json\/wp\/v2\/users\/4"}],"replies":[{"embeddable":true,"href":"https:\/\/www.siphoniker.at\/tr\/wp-json\/wp\/v2\/comments?post=4029"}],"version-history":[{"count":2,"href":"https:\/\/www.siphoniker.at\/tr\/wp-json\/wp\/v2\/pages\/4029\/revisions"}],"predecessor-version":[{"id":9667,"href":"https:\/\/www.siphoniker.at\/tr\/wp-json\/wp\/v2\/pages\/4029\/revisions\/9667"}],"wp:attachment":[{"href":"https:\/\/www.siphoniker.at\/tr\/wp-json\/wp\/v2\/media?parent=4029"}],"curies":[{"name":"wp","href":"https:\/\/api.w.org\/{rel}","templated":true}]}}