{"id":4033,"date":"2022-10-31T11:42:30","date_gmt":"2022-10-31T10:42:30","guid":{"rendered":"https:\/\/www.siphoniker.at\/veri-guevenligi\/"},"modified":"2026-04-10T15:28:51","modified_gmt":"2026-04-10T13:28:51","slug":"veri-guevenligi","status":"publish","type":"page","link":"https:\/\/www.siphoniker.at\/tr\/veri-guevenligi\/","title":{"rendered":"Veri g\u00fcvenli\u011fi"},"content":{"rendered":"\t\t<div data-elementor-type=\"wp-page\" data-elementor-id=\"4033\" class=\"elementor elementor-4033 elementor-1078\" data-elementor-post-type=\"page\">\n\t\t\t\t<div class=\"elementor-element elementor-element-5b11f64 e-flex e-con-boxed e-con e-parent\" data-id=\"5b11f64\" data-element_type=\"container\" data-e-type=\"container\">\n\t\t\t\t\t<div class=\"e-con-inner\">\n\t\t\t\t<div class=\"elementor-element elementor-element-5a7ba9d elementor-widget elementor-widget-text-editor\" data-id=\"5a7ba9d\" data-element_type=\"widget\" data-e-type=\"widget\" data-widget_type=\"text-editor.default\">\n\t\t\t\t<div class=\"elementor-widget-container\">\n\t\t\t\t\t\t\t\t\t<p>Ki\u015fisel veya i\u015f bilgilerine (e-mail, isim ve adres vb) ula\u015f\u0131m izni verilmesi tamamen insiyatifinize ba\u011fl\u0131d\u0131r.<br>Sunulan t\u00fcm hizmet ve verilerin kullan\u0131m\u0131na; teknik olarak do\u011fru ve ge\u00e7erli bir sebep olmak ko\u015fuluyla, at\u0131fta bulunarak kullan\u0131m\u0131na izin veriyoruz. Sitede yer alan ileti\u015fim bilgilerinin ve a\u00e7\u0131kca talep edilmeyen bilgilerin g\u00f6nderilmesi amac\u0131yla \u00fc\u00e7\u00fcnc\u00fc sah\u0131\u015flar taraf\u0131ndan kullan\u0131lmas\u0131na izin verilmez.<br>Bu yasa\u011f\u0131 ihlal eden spam e-mail g\u00f6nderenlere kar\u015f\u0131 yasal i\u015flem ba\u015flatmak hakk\u0131m\u0131z sakl\u0131d\u0131r. <\/p>\t\t\t\t\t\t\t\t<\/div>\n\t\t\t\t<\/div>\n\t\t\t\t\t<\/div>\n\t\t\t\t<\/div>\n\t\t\t\t<\/div>\n\t\t","protected":false},"excerpt":{"rendered":"<p>Ki\u015fisel veya i\u015f bilgilerine (e-mail, isim ve adres vb) ula\u015f\u0131m izni verilmesi tamamen insiyatifinize ba\u011fl\u0131d\u0131r.Sunulan t\u00fcm hizmet ve verilerin kullan\u0131m\u0131na; teknik olarak do\u011fru ve ge\u00e7erli bir sebep olmak ko\u015fuluyla, at\u0131fta bulunarak kullan\u0131m\u0131na izin veriyoruz. Sitede yer alan ileti\u015fim bilgilerinin ve a\u00e7\u0131kca talep edilmeyen bilgilerin g\u00f6nderilmesi amac\u0131yla \u00fc\u00e7\u00fcnc\u00fc sah\u0131\u015flar taraf\u0131ndan kullan\u0131lmas\u0131na izin verilmez.Bu yasa\u011f\u0131 ihlal eden [&hellip;]<\/p>\n","protected":false},"author":7,"featured_media":0,"parent":0,"menu_order":0,"comment_status":"closed","ping_status":"closed","template":"","meta":{"_acf_changed":false,"footnotes":""},"class_list":["post-4033","page","type-page","status-publish","hentry"],"acf":[],"yoast_head":"<!-- This site is optimized with the Yoast SEO plugin v27.1.1 - https:\/\/yoast.com\/product\/yoast-seo-wordpress\/ -->\n<title>Veri g\u00fcvenli\u011fi - Siphoniker-Blog, HL Hutterer &amp; Lechner GmbH in Himberg<\/title>\n<meta name=\"description\" content=\"Ki\u015fisel veya i\u015f bilgilerine (e-mail, isim ve adres vb) ula\u015f\u0131m izni verilmesi tamamen insiyatifinize ba\u011fl\u0131d\u0131r.Sunulan t\u00fcm hizmet ve verilerin kullan\u0131m\u0131na;\" \/>\n<meta name=\"robots\" content=\"index, follow, max-snippet:-1, max-image-preview:large, max-video-preview:-1\" \/>\n<link rel=\"canonical\" href=\"https:\/\/www.siphoniker.at\/tr\/veri-guevenligi\/\" \/>\n<meta property=\"og:locale\" content=\"tr_TR\" \/>\n<meta property=\"og:type\" content=\"article\" \/>\n<meta property=\"og:title\" content=\"Veri g\u00fcvenli\u011fi - Siphoniker-Blog, HL Hutterer &amp; Lechner GmbH in Himberg\" \/>\n<meta property=\"og:description\" content=\"Ki\u015fisel veya i\u015f bilgilerine (e-mail, isim ve adres vb) ula\u015f\u0131m izni verilmesi tamamen insiyatifinize ba\u011fl\u0131d\u0131r.Sunulan t\u00fcm hizmet ve verilerin kullan\u0131m\u0131na;\" \/>\n<meta property=\"og:url\" content=\"https:\/\/www.siphoniker.at\/tr\/veri-guevenligi\/\" \/>\n<meta property=\"og:site_name\" content=\"Siphoniker-Blog, HL Hutterer &amp; Lechner GmbH in Himberg\" \/>\n<meta property=\"article:publisher\" content=\"https:\/\/www.facebook.com\/huttererlechnergmbh\/\" \/>\n<meta property=\"article:modified_time\" content=\"2026-04-10T13:28:51+00:00\" \/>\n<meta name=\"twitter:card\" content=\"summary_large_image\" \/>\n<script type=\"application\/ld+json\" class=\"yoast-schema-graph\">{\"@context\":\"https:\/\/schema.org\",\"@graph\":[{\"@type\":\"WebPage\",\"@id\":\"https:\/\/www.siphoniker.at\/tr\/veri-guevenligi\/\",\"url\":\"https:\/\/www.siphoniker.at\/tr\/veri-guevenligi\/\",\"name\":\"Veri g\u00fcvenli\u011fi - Siphoniker-Blog, HL Hutterer &amp; Lechner GmbH in Himberg\",\"isPartOf\":{\"@id\":\"https:\/\/www.siphoniker.at\/tr\/#website\"},\"datePublished\":\"2022-10-31T10:42:30+00:00\",\"dateModified\":\"2026-04-10T13:28:51+00:00\",\"description\":\"Ki\u015fisel veya i\u015f bilgilerine (e-mail, isim ve adres vb) ula\u015f\u0131m izni verilmesi tamamen insiyatifinize ba\u011fl\u0131d\u0131r.Sunulan t\u00fcm hizmet ve verilerin kullan\u0131m\u0131na;\",\"breadcrumb\":{\"@id\":\"https:\/\/www.siphoniker.at\/tr\/veri-guevenligi\/#breadcrumb\"},\"inLanguage\":\"tr\",\"potentialAction\":[{\"@type\":\"ReadAction\",\"target\":[\"https:\/\/www.siphoniker.at\/tr\/veri-guevenligi\/\"]}]},{\"@type\":\"BreadcrumbList\",\"@id\":\"https:\/\/www.siphoniker.at\/tr\/veri-guevenligi\/#breadcrumb\",\"itemListElement\":[{\"@type\":\"ListItem\",\"position\":1,\"name\":\"Startseite\",\"item\":\"https:\/\/www.siphoniker.at\/tr\/\"},{\"@type\":\"ListItem\",\"position\":2,\"name\":\"Veri g\u00fcvenli\u011fi\"}]},{\"@type\":\"WebSite\",\"@id\":\"https:\/\/www.siphoniker.at\/tr\/#website\",\"url\":\"https:\/\/www.siphoniker.at\/tr\/\",\"name\":\"HL Siphoniker-Blog\",\"description\":\"Kompetenz f\u00fcr perfekte Kompositionen - verfasst von Profis f\u00fcr Profis\",\"publisher\":{\"@id\":\"https:\/\/www.siphoniker.at\/tr\/#organization\"},\"potentialAction\":[{\"@type\":\"SearchAction\",\"target\":{\"@type\":\"EntryPoint\",\"urlTemplate\":\"https:\/\/www.siphoniker.at\/tr\/?s={search_term_string}\"},\"query-input\":{\"@type\":\"PropertyValueSpecification\",\"valueRequired\":true,\"valueName\":\"search_term_string\"}}],\"inLanguage\":\"tr\"},{\"@type\":\"Organization\",\"@id\":\"https:\/\/www.siphoniker.at\/tr\/#organization\",\"name\":\"Hutterer & Lechner GmbH in Himberg\",\"url\":\"https:\/\/www.siphoniker.at\/tr\/\",\"logo\":{\"@type\":\"ImageObject\",\"inLanguage\":\"tr\",\"@id\":\"https:\/\/www.siphoniker.at\/tr\/#\/schema\/logo\/image\/\",\"url\":\"https:\/\/www.siphoniker.at\/wp-content\/uploads\/2020\/09\/logo-siphoniker-1-1.svg\",\"contentUrl\":\"https:\/\/www.siphoniker.at\/wp-content\/uploads\/2020\/09\/logo-siphoniker-1-1.svg\",\"caption\":\"Hutterer & Lechner GmbH in Himberg\"},\"image\":{\"@id\":\"https:\/\/www.siphoniker.at\/tr\/#\/schema\/logo\/image\/\"},\"sameAs\":[\"https:\/\/www.facebook.com\/huttererlechnergmbh\/\",\"https:\/\/www.instagram.com\/hl.hutterer.lechner\/\",\"https:\/\/www.linkedin.com\/company\/hutterer-lechner-gmbh\/\",\"https:\/\/www.youtube.com\/channel\/UCoAza_27xat_FyVQWlmBpqw\"]}]}<\/script>\n<!-- \/ Yoast SEO plugin. -->","yoast_head_json":{"title":"Veri g\u00fcvenli\u011fi - Siphoniker-Blog, HL Hutterer &amp; Lechner GmbH in Himberg","description":"Ki\u015fisel veya i\u015f bilgilerine (e-mail, isim ve adres vb) ula\u015f\u0131m izni verilmesi tamamen insiyatifinize ba\u011fl\u0131d\u0131r.Sunulan t\u00fcm hizmet ve verilerin kullan\u0131m\u0131na;","robots":{"index":"index","follow":"follow","max-snippet":"max-snippet:-1","max-image-preview":"max-image-preview:large","max-video-preview":"max-video-preview:-1"},"canonical":"https:\/\/www.siphoniker.at\/tr\/veri-guevenligi\/","og_locale":"tr_TR","og_type":"article","og_title":"Veri g\u00fcvenli\u011fi - Siphoniker-Blog, HL Hutterer &amp; Lechner GmbH in Himberg","og_description":"Ki\u015fisel veya i\u015f bilgilerine (e-mail, isim ve adres vb) ula\u015f\u0131m izni verilmesi tamamen insiyatifinize ba\u011fl\u0131d\u0131r.Sunulan t\u00fcm hizmet ve verilerin kullan\u0131m\u0131na;","og_url":"https:\/\/www.siphoniker.at\/tr\/veri-guevenligi\/","og_site_name":"Siphoniker-Blog, HL Hutterer &amp; Lechner GmbH in Himberg","article_publisher":"https:\/\/www.facebook.com\/huttererlechnergmbh\/","article_modified_time":"2026-04-10T13:28:51+00:00","twitter_card":"summary_large_image","schema":{"@context":"https:\/\/schema.org","@graph":[{"@type":"WebPage","@id":"https:\/\/www.siphoniker.at\/tr\/veri-guevenligi\/","url":"https:\/\/www.siphoniker.at\/tr\/veri-guevenligi\/","name":"Veri g\u00fcvenli\u011fi - Siphoniker-Blog, HL Hutterer &amp; Lechner GmbH in Himberg","isPartOf":{"@id":"https:\/\/www.siphoniker.at\/tr\/#website"},"datePublished":"2022-10-31T10:42:30+00:00","dateModified":"2026-04-10T13:28:51+00:00","description":"Ki\u015fisel veya i\u015f bilgilerine (e-mail, isim ve adres vb) ula\u015f\u0131m izni verilmesi tamamen insiyatifinize ba\u011fl\u0131d\u0131r.Sunulan t\u00fcm hizmet ve verilerin kullan\u0131m\u0131na;","breadcrumb":{"@id":"https:\/\/www.siphoniker.at\/tr\/veri-guevenligi\/#breadcrumb"},"inLanguage":"tr","potentialAction":[{"@type":"ReadAction","target":["https:\/\/www.siphoniker.at\/tr\/veri-guevenligi\/"]}]},{"@type":"BreadcrumbList","@id":"https:\/\/www.siphoniker.at\/tr\/veri-guevenligi\/#breadcrumb","itemListElement":[{"@type":"ListItem","position":1,"name":"Startseite","item":"https:\/\/www.siphoniker.at\/tr\/"},{"@type":"ListItem","position":2,"name":"Veri g\u00fcvenli\u011fi"}]},{"@type":"WebSite","@id":"https:\/\/www.siphoniker.at\/tr\/#website","url":"https:\/\/www.siphoniker.at\/tr\/","name":"HL Siphoniker-Blog","description":"Kompetenz f\u00fcr perfekte Kompositionen - verfasst von Profis f\u00fcr Profis","publisher":{"@id":"https:\/\/www.siphoniker.at\/tr\/#organization"},"potentialAction":[{"@type":"SearchAction","target":{"@type":"EntryPoint","urlTemplate":"https:\/\/www.siphoniker.at\/tr\/?s={search_term_string}"},"query-input":{"@type":"PropertyValueSpecification","valueRequired":true,"valueName":"search_term_string"}}],"inLanguage":"tr"},{"@type":"Organization","@id":"https:\/\/www.siphoniker.at\/tr\/#organization","name":"Hutterer & Lechner GmbH in Himberg","url":"https:\/\/www.siphoniker.at\/tr\/","logo":{"@type":"ImageObject","inLanguage":"tr","@id":"https:\/\/www.siphoniker.at\/tr\/#\/schema\/logo\/image\/","url":"https:\/\/www.siphoniker.at\/wp-content\/uploads\/2020\/09\/logo-siphoniker-1-1.svg","contentUrl":"https:\/\/www.siphoniker.at\/wp-content\/uploads\/2020\/09\/logo-siphoniker-1-1.svg","caption":"Hutterer & Lechner GmbH in Himberg"},"image":{"@id":"https:\/\/www.siphoniker.at\/tr\/#\/schema\/logo\/image\/"},"sameAs":["https:\/\/www.facebook.com\/huttererlechnergmbh\/","https:\/\/www.instagram.com\/hl.hutterer.lechner\/","https:\/\/www.linkedin.com\/company\/hutterer-lechner-gmbh\/","https:\/\/www.youtube.com\/channel\/UCoAza_27xat_FyVQWlmBpqw"]}]}},"_links":{"self":[{"href":"https:\/\/www.siphoniker.at\/tr\/wp-json\/wp\/v2\/pages\/4033","targetHints":{"allow":["GET"]}}],"collection":[{"href":"https:\/\/www.siphoniker.at\/tr\/wp-json\/wp\/v2\/pages"}],"about":[{"href":"https:\/\/www.siphoniker.at\/tr\/wp-json\/wp\/v2\/types\/page"}],"author":[{"embeddable":true,"href":"https:\/\/www.siphoniker.at\/tr\/wp-json\/wp\/v2\/users\/7"}],"replies":[{"embeddable":true,"href":"https:\/\/www.siphoniker.at\/tr\/wp-json\/wp\/v2\/comments?post=4033"}],"version-history":[{"count":2,"href":"https:\/\/www.siphoniker.at\/tr\/wp-json\/wp\/v2\/pages\/4033\/revisions"}],"predecessor-version":[{"id":9754,"href":"https:\/\/www.siphoniker.at\/tr\/wp-json\/wp\/v2\/pages\/4033\/revisions\/9754"}],"wp:attachment":[{"href":"https:\/\/www.siphoniker.at\/tr\/wp-json\/wp\/v2\/media?parent=4033"}],"curies":[{"name":"wp","href":"https:\/\/api.w.org\/{rel}","templated":true}]}}